{"id":2188,"date":"2025-02-09T17:11:26","date_gmt":"2025-02-09T17:11:26","guid":{"rendered":"https:\/\/delta-scan.de\/?page_id=2188"},"modified":"2025-02-10T13:31:20","modified_gmt":"2025-02-10T13:31:20","slug":"bioresonanz-co-revolutionieren-die-medizin-ben-brendle","status":"publish","type":"page","link":"https:\/\/delta-scan.de\/en\/bioresonanz-co-revolutionieren-die-medizin-ben-brendle\/","title":{"rendered":"Bioresonanz &amp; Co Revolutionieren die Medizin &#8211; Ben Brendle"},"content":{"rendered":"<div data-elementor-type=\"wp-page\" data-elementor-id=\"2188\" class=\"elementor elementor-2188\" data-elementor-post-type=\"page\">\n\t\t\t\t<div class=\"elementor-element elementor-element-25bc1f21 e-flex e-con-boxed e-con e-parent\" data-id=\"25bc1f21\" data-element_type=\"container\" data-settings=\"{&quot;background_background&quot;:&quot;classic&quot;}\">\n\t\t\t\t\t<div class=\"e-con-inner\">\n\t\t\t\t<div class=\"elementor-element elementor-element-55e62183 elementor-widget__width-initial elementor-widget-mobile__width-inherit elementor-invisible elementor-widget elementor-widget-heading\" data-id=\"55e62183\" data-element_type=\"widget\" data-settings=\"{&quot;_animation&quot;:&quot;fadeInUp&quot;}\" data-widget_type=\"heading.default\">\n\t\t\t\t<div class=\"elementor-widget-container\">\n\t\t\t\t\t<h1 class=\"elementor-heading-title elementor-size-default\">Bioresonanz &amp; Co. revolutionieren die Medizin<\/h1>\t\t\t\t<\/div>\n\t\t\t\t<\/div>\n\t\t\t\t<div class=\"elementor-element elementor-element-4d417b1a elementor-widget__width-initial elementor-widget-mobile__width-inherit elementor-invisible elementor-widget elementor-widget-text-editor\" data-id=\"4d417b1a\" data-element_type=\"widget\" data-settings=\"{&quot;_animation&quot;:&quot;fadeInUp&quot;}\" data-widget_type=\"text-editor.default\">\n\t\t\t\t<div class=\"elementor-widget-container\">\n\t\t\t\t\t\t\t\t\t<p>Bioresonanz nutzt Schwingungen zur Diagnose und Therapie, erkennt Krankheitsmuster fr\u00fch und f\u00f6rdert ganzheitliche Heilung.<\/p>\t\t\t\t\t\t\t\t<\/div>\n\t\t\t\t<\/div>\n\t\t\t\t\t<\/div>\n\t\t\t\t<\/div>\n\t\t<div class=\"elementor-element elementor-element-12b5d24b e-flex e-con-boxed e-con e-parent\" data-id=\"12b5d24b\" data-element_type=\"container\">\n\t\t\t\t\t<div class=\"e-con-inner\">\n\t\t<div class=\"elementor-element elementor-element-121a2b07 e-con-full e-flex e-con e-child\" data-id=\"121a2b07\" data-element_type=\"container\">\n\t\t\t\t<div class=\"elementor-element elementor-element-3fb5a57f elementor-drop-cap-yes elementor-drop-cap-view-default elementor-invisible elementor-widget elementor-widget-text-editor\" data-id=\"3fb5a57f\" data-element_type=\"widget\" data-settings=\"{&quot;_animation&quot;:&quot;fadeInUp&quot;,&quot;drop_cap&quot;:&quot;yes&quot;}\" data-widget_type=\"text-editor.default\">\n\t\t\t\t<div class=\"elementor-widget-container\">\n\t\t\t\t\t\t\t\t\t<h3>Bioenergetische Test- und Therapieverfahren sind auf dem Vormarsch | Ben Brendle<\/h3><p>Durch neueste Erkenntnisse aus der Quantenphysik erleben wir heute eine Wiedervereinigung dessen, was jahrhundertelang getrennt schien: K\u00f6rper und Geist. Das Energiefeld des Menschen ist in der Zwischenzeit kein Mythos mehr. Dies leistet Methoden wie der Bioresonanz enormen Vorschub. Neue Ger\u00e4te aus der Weltraumforschung revolutionieren derzeit die Medizin. Eine spannende Zeit kommt auf uns zu, in der es m\u00f6glich sein wird, Krankheiten zu erkennen und zu behandeln, bevor sie sich manifestieren k\u00f6nnen. Auch f\u00fcr die Schulmedizin ist es an der Zeit, \u00fcber den eigenen Tellerrand hinaus zu blicken und die Forschungsergebnisse in die Praxis zu integrieren.<\/p><p><em>\u201eDie Welt, die wir uns erschaffen haben, ist das Produkt unseres Denkens. Sie kann nicht ge\u00e4ndert werden, ohne dass wir unser Denken \u00e4ndern.\u201c (Albert Einstein)<\/em><\/p>\t\t\t\t\t\t\t\t<\/div>\n\t\t\t\t<\/div>\n\t\t\t\t<div class=\"elementor-element elementor-element-407238f0 elementor-invisible elementor-widget elementor-widget-image\" data-id=\"407238f0\" data-element_type=\"widget\" data-settings=\"{&quot;_animation&quot;:&quot;fadeInUp&quot;}\" data-widget_type=\"image.default\">\n\t\t\t\t<div class=\"elementor-widget-container\">\n\t\t\t\t\t\t\t\t\t\t\t\t\t\t\t<img fetchpriority=\"high\" decoding=\"async\" width=\"1792\" height=\"1024\" src=\"https:\/\/delta-scan.de\/wp-content\/uploads\/2025\/02\/DALL\u00b7E-2025-02-10-12.17.26-A-futuristic-and-vibrant-illustration-showcasing-the-integration-of-quantum-physics-and-bioenergetic-therapy.-The-image-should-feature-a-glowing-human.webp\" class=\"attachment-full size-full wp-image-2193\" alt=\"\" srcset=\"https:\/\/delta-scan.de\/wp-content\/uploads\/2025\/02\/DALL\u00b7E-2025-02-10-12.17.26-A-futuristic-and-vibrant-illustration-showcasing-the-integration-of-quantum-physics-and-bioenergetic-therapy.-The-image-should-feature-a-glowing-human.webp 1792w, https:\/\/delta-scan.de\/wp-content\/uploads\/2025\/02\/DALL\u00b7E-2025-02-10-12.17.26-A-futuristic-and-vibrant-illustration-showcasing-the-integration-of-quantum-physics-and-bioenergetic-therapy.-The-image-should-feature-a-glowing-human-300x171.webp 300w, https:\/\/delta-scan.de\/wp-content\/uploads\/2025\/02\/DALL\u00b7E-2025-02-10-12.17.26-A-futuristic-and-vibrant-illustration-showcasing-the-integration-of-quantum-physics-and-bioenergetic-therapy.-The-image-should-feature-a-glowing-human-1024x585.webp 1024w, https:\/\/delta-scan.de\/wp-content\/uploads\/2025\/02\/DALL\u00b7E-2025-02-10-12.17.26-A-futuristic-and-vibrant-illustration-showcasing-the-integration-of-quantum-physics-and-bioenergetic-therapy.-The-image-should-feature-a-glowing-human-768x439.webp 768w, https:\/\/delta-scan.de\/wp-content\/uploads\/2025\/02\/DALL\u00b7E-2025-02-10-12.17.26-A-futuristic-and-vibrant-illustration-showcasing-the-integration-of-quantum-physics-and-bioenergetic-therapy.-The-image-should-feature-a-glowing-human-1536x878.webp 1536w, https:\/\/delta-scan.de\/wp-content\/uploads\/2025\/02\/DALL\u00b7E-2025-02-10-12.17.26-A-futuristic-and-vibrant-illustration-showcasing-the-integration-of-quantum-physics-and-bioenergetic-therapy.-The-image-should-feature-a-glowing-human-18x10.webp 18w\" sizes=\"(max-width: 1792px) 100vw, 1792px\" \/>\t\t\t\t\t\t\t\t\t\t\t\t\t\t\t<\/div>\n\t\t\t\t<\/div>\n\t\t\t\t<div class=\"elementor-element elementor-element-5215775d elementor-invisible elementor-widget elementor-widget-text-editor\" data-id=\"5215775d\" data-element_type=\"widget\" data-settings=\"{&quot;_animation&quot;:&quot;fadeInUp&quot;}\" data-widget_type=\"text-editor.default\">\n\t\t\t\t<div class=\"elementor-widget-container\">\n\t\t\t\t\t\t\t\t\t<h3>Historisches<\/h3><p>Im Mittelalter bestimmten die Kirchenf\u00fcrsten die Wissenschaft, sodass es aufgrund religi\u00f6ser Tabus beispielsweise verboten war, einen menschlichen K\u00f6rper zu sezieren. Die praktizierte Medizin basierte daher auf vagen Vermutungen und Interpretationen von Schriften, die Gelehrte des Altertums verfasst hatten.<\/p><p>Erst mit Ren\u00e9 Descartes (1596-1650) gelang es, die Medizin von den kirchlichen Einschr\u00e4nkungen zu befreien und somit die Trennung von Geist und K\u00f6rper in Gang zu setzen. Der K\u00f6rper wurde fortan f\u00fcr die medizinische Forschung freigegeben, w\u00e4hrend die Geisteswissenschaft weiterhin in den H\u00e4nden der Kirche verblieb.<\/p><p>\u00fcber die Jahrhunderte wurde das Innere des menschlichen K\u00f6rpers bis ins Kleinste erforscht. Wir wissen heute, wie Organe und Zellen funktionieren und welchen Einfluss die Gene aus\u00fcben. Au\u00dferdem kennen wir viele Mikroorganismen wie Viren und Bakterien, die f\u00fcr diverse Erkrankungen verantwortlich sein k\u00f6nnen.<\/p><p>Mit der Erforschung der DNA ist die Medizin in einen Bereich vorgedrungen, in dem die Begriffe Schwingung, Energie und Information eine zunehmend wichtige Rolle spielen. Die DNA ist nicht nur Tr\u00e4ger der Erbinformation (Genetik), sondern ihre individuelle Funktionalit\u00e4t ist auch Ausdruck von Umwelteinfl\u00fcssen (Epigenetik). Weiter wird heute angenommen, dass sie als sogenannter Hohlraumresonator fungieren und somit Licht speichern k\u00f6nnte. Dass Zellen Licht abstrahlen, konnte bereits nachgewiesen werden (F.A. Popp). M\u00f6glicherweise ist das ein weiterer Weg, \u00fcber den Zellen untereinander kommunizieren.<\/p><h3>Der Doppelaspekt der Materie<\/h3><p>In der Quantenphysik besch\u00e4ftigt man sich mit den Eigenschaften subatomarer Teilchen (sog. Elementarteilchen). Das Elementarteilchen des elektromagnetischen Felds ist das Photon (auch: Lichtquant), das sich mit Lichtgeschwindigkeit fortbewegt und sowohl Teilchen- als auch Wellen-Charakter haben kann (Welle-Teilchen-Dualismus).<\/p><p>Dass auch Materieteilchen ein solches Doppelwesen haben und ihnen somit auch Welleneigenschaften zugeordnet werden k\u00f6nnen, beschrieb erstmals der Franzose Louis-Victor de Broglie (Physik-Nobelpreis 1929).<\/p><h3>\u201eAlles schwingt\u201c<\/h3><p>Nach Albert Einstein sind Masse und Energie \u00e4quivalent und somit ist alles Energie. Da Materie verdichtete Energie ist und es keine Materie gibt, die nicht schwingt, hat jede Energie auch eine Schwingung.<\/p><p>Der bekannte Ausspruch Einsteins: \u201eAlles schwingt\u201c ist allgemeing\u00fcltig. Das gesamte Universum ist Schwingung. Jeder K\u00f6rper, jedes Organ, jede Zelle, aber auch jeder Erreger und jegliche x-beliebige Substanz verf\u00fcgt \u00fcber ein typisches Spektrum ganz bestimmter Frequenzen. Man bezeichnet dies auch als charakteristisches Frequenzmuster.<\/p><p>Wenn also alles schwingt, dann sollte es auch m\u00f6glich sein, dass eine Schwingung eine andere Schwingung beeinflussen kann.<\/p><p>Die jahrelangen Forschungen des Japaners Dr.Masaru Emoto k\u00f6nnen das verdeutlichen. Dieser konnte mit seinen Arbeiten zeigen, dass sich die Qualit\u00e4t eines Wassers mit Musik, Worten und Bildern ver\u00e4ndern l\u00e4sst. Hierbei stellte er Zusammenh\u00e4nge zur Form der jeweiligen Eiskristalle her. Seiner Theorie zufolge formt ein Wasser, das in ein mit positiven Botschaften beschriftetes Gef\u00e4\u00df gef\u00fcllt worden war, stets vollkommene Eiskristalle. Wasser, das aus Flaschen mit negativen Botschaften stammte, nahm unvollkommene Kristallformen an.<\/p><p>Wenn man nun bedenkt dass der menschliche Organismus zu bis zu 80 % aus Wasser besteht, so kann man sich auch leicht vorstellen, dass bestimmte Frequenzen das gesunde Gleichgewicht im K\u00f6rper beeinflussen k\u00f6nnen. Aber wie funktioniert das?<\/p><h3>Was ist Resonanz?<\/h3><ul><li class=\"firstItem\">Resonanz (von griech. resonatia = Widerhall) bedeutet laut Duden-Definition \u201edas Mitschwingen, t\u00f6nen eines K\u00f6rpers in der Schwingung eines anderen K\u00f6rpers.\u201c<\/li><li>Physik und Technik bezeichnen Resonanz (von lat. resonare = widerhallen) als \u201edas verst\u00e4rkte Mitschwingen eines schwingungsf\u00e4higen Systems, wenn es einer zeitlich ver\u00e4nderlichen Einwirkung unterliegt\u201c (Wikipedia).<\/li><li class=\"lastItem\">\u201eWenn wir Materie auf ihre Schwingungsenergie hin untersuchen, werden wir feststellen, dass verschiedene Objekte meist mit unterschiedlicher Frequenz schwingen. Einige schwingen auch mit der gleichen oder mit einer \u00e4hnlichen Frequenz. Wir kennen das vom Klavier: Schlagen wir einen Ton auf dem Klavier an, dann werden alle Saiten, die mit dem angeschlagenen Ton resonieren \u2013 die den angeschlagenen Ton also erkennen und mit ihm harmonieren \u2013, ebenfalls in Schwingung gebracht. Die Noten m\u00f6gen h\u00f6her oder tiefer sein: Solange sie sich in Resonanz befinden, werden sie zum Schwingen gebracht.\u201c (Pierre Franckh, [1])<\/li><\/ul><h3>Was ist Bioresonanz?<\/h3><p>Wir wissen nun, dass alles im Universum schwingungsf\u00e4hig ist und somit prinzipiell in Resonanz gehen kann. Dieses Potenzial zum \u201eMitschwingen\u201c ist in der Natur bereits angelegt und kann demnach auch aktiv erschlossen werden.<\/p><p>So ist das \u00e4lteste Bioresonanzsystem die Sonne. Mit ihrer Strahlungsenergie in Form von W\u00e4rme, Licht und Farbe sichert sie unsere Existenz und l\u00e4dt uns auf.<\/p><p>Dass der menschliche K\u00f6rper Strom produziert und auch sonst ein durch und durch elektrisches Wesen ist, macht sich die Medizin schon lange zunutze. Feinstrom oder Mikrostrom wurde bereits 1896 in der Therapie von Krankheiten eingesetzt. 1920 entwickelte Albert Abrams die Electronic Reaction of Abrams Methode. Man verwendete Gleichstrom und kombinierte ihn mit verschiedenen Stromwiderst\u00e4nden, um k\u00f6rperliche Reaktionen zu erhalten. Die Radionik ist heute in der Naturheilkunde etabliert. Der Begriff Bioresonanz wurde erst sp\u00e4ter gepr\u00e4gt. Das Wirkprinzip ist nach wie vor der Strom.<\/p><p>Auch die Kinesiologie st\u00fctzt sich auf Bioresonanz, indem sie \u00fcber den Indikatormuskeltest k\u00f6rperliche Reaktionen auf gestellte Fragen misst.<\/p><h3>Gleiches mit Gleichem beeinflussen<\/h3><p>Da die Bioresonanz davon ausgeht, dass alles bis auf die kleinste physiologische Ebene auf Schwingung beruht, ergibt sich f\u00fcr die therapeutische Anwendung, dass die Zelle, das Organ, der Mensch nur dann gesund ist, wenn alle charakteristischen Schwingungen im harmonischen Gleichgewicht sind.<\/p><p>Ist dies nicht der Fall, bietet die Bioresonanz f\u00fcr jeden Patienten eine individuelle Behandlung mit passenden Schwingungen an. Dabei kann es sich um patienteneigene Schwingungen, elektronisch erzeugte Signale, fein- oder grobstoffliche Schwingungen oder eine Kombination dieser M\u00f6glichkeiten handeln.<\/p><p>Diese Therapie wird gezielt mit oder ohne Magnetfeldunterst\u00fctzung angewendet.<\/p><p><em>Die Wirkweise der Bioresonanz l\u00e4sst sich mit zwei Begriffen aus der Physik beschreiben: Invertieren und Impuls.<\/em><\/p><p><em><strong>Invertieren<\/strong><\/em><\/p><p>Das Ph\u00e4nomen der Invertierung ist in der Tontechnik schon lange bekannt. Durch das Invertieren (Umkehren, Spiegeln) einer Schwingung werden st\u00f6rende Ger\u00e4usche neutralisiert. Das Gleiche passiert im Rahmen der Bioresonanz-Anwendung: St\u00f6rende Schwingungen von Umweltgiften, Parasiten, Allergenen usw. k\u00f6nnen so unsch\u00e4dlich gemacht werden. Die Schwingung selbst wird nicht \u201egel\u00f6scht\u201c, aber sie belastet den K\u00f6rper nicht mehr.<\/p><p><em><strong>Impuls<\/strong><\/em><\/p><p>Jeder bewegliche K\u00f6rper kann seinen Impuls, etwa bei einem Sto\u00dfvorgang, ganz oder teilweise auf andere K\u00f6rper \u00fcbertragen oder diesen von anderen K\u00f6rpern \u00fcbernehmen. Auch Felder k\u00f6nnen durch Krafteinwirkung Impulse abbilden. Jede Schwingung wiederum l\u00f6st einen Impuls aus. In der Bioresonanz machen wir uns das zunutze. Die verwendeten Frequenzen geben einen Impuls vor, an dem sich der Organismus harmonisch ausrichten kann.<\/p><h3>Beispiele aus der Praxis<\/h3><p>Seit vielen Jahren wird in unserer Gemeinschaftspraxis mit verschiedenen Bioresonanzger\u00e4ten gearbeitet. Seit ca. sechs Jahren ist das bildgebende Delta-Scan-System (Nichtlineare System-Analyse, NLS) im Einsatz und zeigt erfahrungsgem\u00e4\u00df \u00fcberragende Erfolge.<\/p><p>Jede Zelle ist von einem Feld umgeben, welches mithilfe des Ger\u00e4ts erfasst und dargestellt werden kann. Ein gest\u00f6rtes Feld wird daraufhin einem gesunden virtuellen Vergleichsfall angeglichen. Die beiden Kurven sollten dann m\u00f6glichst synchron verlaufen. Abweichungen geben einen Hinweis auf Disharmonie und somit auf eine St\u00f6rung. Jedes Nahrungsmittel, Medikament oder Bakterium enth\u00e4lt eine Information, die das Schwingungsfeld ver\u00e4ndern kann. Ziel des Therapeuten ist es, die jeweiligen St\u00f6rfaktoren zu ermitteln, zu invertieren und die Kurven zu harmonisieren. Die gefundenen Frequenzen k\u00f6nnen mithilfe des Ger\u00e4ts auf den Patienten \u00fcbertragen werden. Es k\u00f6nnen auch Globuli oder Fl\u00fcssigkeiten mit Informationen \u201ebespielt\u201c werden, die der Patient erh\u00e4lt. So wird die Information t\u00e4glich wachgerufen und die Heilungschance verst\u00e4rkt.<\/p><p><em><strong>Fall 1<\/strong><\/em><\/p><p>Herr M. kam mit starkem Heuschnupfen in die Praxis. Mittels NLS wurden vegetative Stressbelastungen festgestellt. Auch der Darm war auff\u00e4llig.<\/p><p>Verordnet wurde ein probiotisches Pr\u00e4parat, daneben wurde ein Heuschnupfen-Komplex \u00fcberspielt und \u00fcber die Stimulation der Nebenniere die Cortisolproduktion angeregt. Eine zus\u00e4tzlich angedachte Eigenblutbehandlung war danach nicht mehr erforderlich. Nach drei Wochen war der Heuschnupfen verschwunden. Herr M. ist nun das dritte Jahr nacheinander heuschnupfenfrei.<\/p><p>Nat\u00fcrlich ist die NLS-Diagnose kein Ersatz f\u00fcr eine gr\u00fcndliche Anamnese mit k\u00f6rperlicher Untersuchung. Doch sie ist auf jeden Fall eine gro\u00dfe Hilfe.<\/p><p><em><strong>Fall 2<\/strong><\/em><\/p><p>Frau K. (63 Jahre) konsultierte uns vor ca. drei Jahren. Sie litt seit Jahren unter Narkolepsie mit extrem starken Kataplexien. Ausl\u00f6ser dieser Erkrankung war ein traumatisches Erlebnis ca. neun Jahre zuvor, als ihr Wohnhaus niederbrannte.<\/p><p>Frau K. wurde damals schon schulmedizinisch behandelt, das ist bis heute so.<\/p><p>Zum Zeitpunkt der ersten Konsultation in unserer Praxis war Frau K. in ihrem Leben v\u00f6llig eingeschr\u00e4nkt. Sie erlitt ca. vier bis sechs totale Kataplexien mit v\u00f6lligem Bewusstseinsverlust. Sie st\u00fcrzte t\u00e4glich mehrmals zu Boden und konnte das Haus nicht ohne Begleitung verlassen. In ihren Tagesablauf musste sie mindestens vier Schlafphasen einplanen, um sich f\u00fcr die verbleibenden Stunden einigerma\u00dfen wach zu halten. W\u00e4hrend der ersten Gespr\u00e4che und Untersuchungen schlief sie mitten im Satz ein.<\/p><p>Im ersten NLS-Scan wurde eine starke parasit\u00e4re Belastung der Hirnventrikel gefunden. \u00fcber den Frequenztransfer wurden die Parasiten invertiert, bis sie schlie\u00dflich bei den Kontrollmessungen nicht mehr angezeigt wurden. Das traumatische Erlebnis wurde als sogenannter \u201eRevierverlust-Konflikt\u201c erkannt, invertiert und somit aufgel\u00f6st. Daraufhin wurde die Substanz \u201eOrexin\u201c eingeschwungen. Gleichzeitig wurden Orexin C30 und C200 im Wechsel verabreicht.<\/p><p>Die Patientin leidet zwischenzeitlich nicht mehr unter Kataplexien und g\u00f6nnt sich lediglich zwischen 11 und 13 Uhr eine kleine Schlafpause. Nur in extremen, emotionalen Situationen bekommt sie noch leichte Kataplexien um den Mundbereich, die von Au\u00dfenstehenden jedoch nicht erkennbar sind. Sie kann ihr Leben wieder selbstst\u00e4ndig gestalten und auch wieder verreisen.<\/p><h3>Fazit<\/h3><p>Mit der Bioresonanz k\u00f6nnen die Ursachen bereits manifestierter Krankheiten festgestellt und daraufhin gezielt behoben werden. Viel interessanter ist jedoch, dass bereits Beschwerden verursachende Muster (Frequenzen) erkannt werden k\u00f6nnen, bevor diese ernste Konsequenzen nach sich ziehen und sich im K\u00f6rper festsetzen.<\/p><p><strong>Literaturhinweis<\/strong><\/p><ol><li>Franckh, Pierre: Das Gesetz der Resonanz. Koha, 2008.<\/li><li>Korotkov, Konstantin : Geheimnisse des lebendigen Leuchtens. Engesldorfer Verlag, 2006.<\/li><li>Lipton, Bruce: Intelligente Zellen: Wie Erfahrungen unsere Gene steuern. Koha, 2006.<\/li><\/ol>\t\t\t\t\t\t\t\t<\/div>\n\t\t\t\t<\/div>\n\t\t\t\t<\/div>\n\t\t<div class=\"elementor-element elementor-element-146af61c e-con-full e-flex e-con e-child\" data-id=\"146af61c\" data-element_type=\"container\">\n\t\t\t\t<div class=\"elementor-element elementor-element-479c0e65 elementor-widget-tablet__width-initial elementor-widget-mobile__width-inherit elementor-icon-list--layout-traditional elementor-list-item-link-full_width elementor-invisible elementor-widget elementor-widget-icon-list\" data-id=\"479c0e65\" data-element_type=\"widget\" data-settings=\"{&quot;_animation&quot;:&quot;fadeInUp&quot;}\" data-widget_type=\"icon-list.default\">\n\t\t\t\t<div class=\"elementor-widget-container\">\n\t\t\t\t\t\t\t<ul class=\"elementor-icon-list-items\">\n\t\t\t\t\t\t\t<li class=\"elementor-icon-list-item\">\n\t\t\t\t\t\t\t\t\t\t\t<a href=\"https:\/\/delta-scan.de\/en\/gedanken-markus-buchhauser\/\">\n\n\t\t\t\t\t\t\t\t\t\t\t\t<span class=\"elementor-icon-list-icon\">\n\t\t\t\t\t\t\t<svg aria-hidden=\"true\" class=\"e-font-icon-svg e-fas-chevron-right\" viewbox=\"0 0 320 512\" xmlns=\"http:\/\/www.w3.org\/2000\/svg\"><path d=\"M285.476 272.971L91.132 467.314c-9.373 9.373-24.569 9.373-33.941 0l-22.667-22.667c-9.357-9.357-9.375-24.522-.04-33.901L188.505 256 34.484 101.255c-9.335-9.379-9.317-24.544.04-33.901l22.667-22.667c9.373-9.373 24.569-9.373 33.941 0L285.475 239.03c9.373 9.372 9.373 24.568.001 33.941z\"><\/path><\/svg>\t\t\t\t\t\t<\/span>\n\t\t\t\t\t\t\t\t\t\t<span class=\"elementor-icon-list-text\">Gedanken - Markus Buchhauser<\/span>\n\t\t\t\t\t\t\t\t\t\t\t<\/a>\n\t\t\t\t\t\t\t\t\t<\/li>\n\t\t\t\t\t\t\t\t<li class=\"elementor-icon-list-item\">\n\t\t\t\t\t\t\t\t\t\t\t<a href=\"https:\/\/delta-scan.de\/en\/die-energie-des-koerpers-testen-irmgard-wagner\/\">\n\n\t\t\t\t\t\t\t\t\t\t\t\t<span class=\"elementor-icon-list-icon\">\n\t\t\t\t\t\t\t<svg aria-hidden=\"true\" class=\"e-font-icon-svg e-fas-chevron-right\" viewbox=\"0 0 320 512\" xmlns=\"http:\/\/www.w3.org\/2000\/svg\"><path d=\"M285.476 272.971L91.132 467.314c-9.373 9.373-24.569 9.373-33.941 0l-22.667-22.667c-9.357-9.357-9.375-24.522-.04-33.901L188.505 256 34.484 101.255c-9.335-9.379-9.317-24.544.04-33.901l22.667-22.667c9.373-9.373 24.569-9.373 33.941 0L285.475 239.03c9.373 9.372 9.373 24.568.001 33.941z\"><\/path><\/svg>\t\t\t\t\t\t<\/span>\n\t\t\t\t\t\t\t\t\t\t<span class=\"elementor-icon-list-text\">Die Energie des K\u00f6rpers testen - Irmgard Wagner<\/span>\n\t\t\t\t\t\t\t\t\t\t\t<\/a>\n\t\t\t\t\t\t\t\t\t<\/li>\n\t\t\t\t\t\t<\/ul>\n\t\t\t\t\t\t<\/div>\n\t\t\t\t<\/div>\n\t\t<div class=\"elementor-element elementor-element-73a8ca84 e-con-full e-flex elementor-invisible e-con e-child\" data-id=\"73a8ca84\" data-element_type=\"container\" data-settings=\"{&quot;background_background&quot;:&quot;classic&quot;,&quot;animation&quot;:&quot;fadeInUp&quot;}\">\n\t\t\t\t<div class=\"elementor-element elementor-element-15ba0028 elementor-align-center elementor-icon-list--layout-traditional elementor-list-item-link-full_width elementor-widget elementor-widget-icon-list\" data-id=\"15ba0028\" data-element_type=\"widget\" data-widget_type=\"icon-list.default\">\n\t\t\t\t<div class=\"elementor-widget-container\">\n\t\t\t\t\t\t\t<ul class=\"elementor-icon-list-items\">\n\t\t\t\t\t\t\t<li class=\"elementor-icon-list-item\">\n\t\t\t\t\t\t\t\t\t\t\t<a href=\"#\">\n\n\t\t\t\t\t\t\t\t\t\t\t\t<span class=\"elementor-icon-list-icon\">\n\t\t\t\t\t\t\t<svg aria-hidden=\"true\" class=\"e-font-icon-svg e-fas-mobile-alt\" viewbox=\"0 0 320 512\" xmlns=\"http:\/\/www.w3.org\/2000\/svg\"><path d=\"M272 0H48C21.5 0 0 21.5 0 48v416c0 26.5 21.5 48 48 48h224c26.5 0 48-21.5 48-48V48c0-26.5-21.5-48-48-48zM160 480c-17.7 0-32-14.3-32-32s14.3-32 32-32 32 14.3 32 32-14.3 32-32 32zm112-108c0 6.6-5.4 12-12 12H60c-6.6 0-12-5.4-12-12V60c0-6.6 5.4-12 12-12h200c6.6 0 12 5.4 12 12v312z\"><\/path><\/svg>\t\t\t\t\t\t<\/span>\n\t\t\t\t\t\t\t\t\t\t<span class=\"elementor-icon-list-text\">+49 2651 98 52 0<\/span>\n\t\t\t\t\t\t\t\t\t\t\t<\/a>\n\t\t\t\t\t\t\t\t\t<\/li>\n\t\t\t\t\t\t\t\t<li class=\"elementor-icon-list-item\">\n\t\t\t\t\t\t\t\t\t\t\t<a href=\"mailto:Service@Delta-Tech.de\">\n\n\t\t\t\t\t\t\t\t\t\t\t\t<span class=\"elementor-icon-list-icon\">\n\t\t\t\t\t\t\t<svg aria-hidden=\"true\" class=\"e-font-icon-svg e-fas-envelope\" viewbox=\"0 0 512 512\" xmlns=\"http:\/\/www.w3.org\/2000\/svg\"><path d=\"M502.3 190.8c3.9-3.1 9.7-.2 9.7 4.7V400c0 26.5-21.5 48-48 48H48c-26.5 0-48-21.5-48-48V195.6c0-5 5.7-7.8 9.7-4.7 22.4 17.4 52.1 39.5 154.1 113.6 21.1 15.4 56.7 47.8 92.2 47.6 35.7.3 72-32.8 92.3-47.6 102-74.1 131.6-96.3 154-113.7zM256 320c23.2.4 56.6-29.2 73.4-41.4 132.7-96.3 142.8-104.7 173.4-128.7 5.8-4.5 9.2-11.5 9.2-18.9v-19c0-26.5-21.5-48-48-48H48C21.5 64 0 85.5 0 112v19c0 7.4 3.4 14.3 9.2 18.9 30.6 23.9 40.7 32.4 173.4 128.7 16.8 12.2 50.2 41.8 73.4 41.4z\"><\/path><\/svg>\t\t\t\t\t\t<\/span>\n\t\t\t\t\t\t\t\t\t\t<span class=\"elementor-icon-list-text\">Service@Delta-Tech.de<\/span>\n\t\t\t\t\t\t\t\t\t\t\t<\/a>\n\t\t\t\t\t\t\t\t\t<\/li>\n\t\t\t\t\t\t<\/ul>\n\t\t\t\t\t\t<\/div>\n\t\t\t\t<\/div>\n\t\t\t\t<div class=\"elementor-element elementor-element-763184bd elementor-align-justify elementor-widget elementor-widget-button\" data-id=\"763184bd\" data-element_type=\"widget\" data-widget_type=\"button.default\">\n\t\t\t\t<div class=\"elementor-widget-container\">\n\t\t\t\t\t\t\t\t\t<div class=\"elementor-button-wrapper\">\n\t\t\t\t\t<a class=\"elementor-button elementor-button-link elementor-size-sm\" href=\"https:\/\/delta-scan.de\/en\/kontakt\/\">\n\t\t\t\t\t\t<span class=\"elementor-button-content-wrapper\">\n\t\t\t\t\t\t\t\t\t<span class=\"elementor-button-text\">Nachricht senden<\/span>\n\t\t\t\t\t<\/span>\n\t\t\t\t\t<\/a>\n\t\t\t\t<\/div>\n\t\t\t\t\t\t\t\t<\/div>\n\t\t\t\t<\/div>\n\t\t\t\t<\/div>\n\t\t\t\t<\/div>\n\t\t\t\t\t<\/div>\n\t\t\t\t<\/div>\n\t\t<div class=\"elementor-element elementor-element-18d7c7a0 e-flex e-con-boxed e-con e-parent\" data-id=\"18d7c7a0\" data-element_type=\"container\" data-settings=\"{&quot;background_background&quot;:&quot;classic&quot;}\">\n\t\t\t\t\t<div class=\"e-con-inner\">\n\t\t\t\t<div class=\"elementor-element elementor-element-2ee30a2f elementor-invisible elementor-widget elementor-widget-heading\" data-id=\"2ee30a2f\" data-element_type=\"widget\" data-settings=\"{&quot;_animation&quot;:&quot;fadeInUp&quot;}\" data-widget_type=\"heading.default\">\n\t\t\t\t<div class=\"elementor-widget-container\">\n\t\t\t\t\t<span class=\"elementor-heading-title elementor-size-default\">Continue Reading<\/span>\t\t\t\t<\/div>\n\t\t\t\t<\/div>\n\t\t\t\t\t<\/div>\n\t\t\t\t<\/div>\n\t\t\t\t<\/div>","protected":false},"excerpt":{"rendered":"<p>Bioresonanz &amp; Co. revolutionieren die Medizin Bioresonanz nutzt Schwingungen zur Diagnose und Therapie, erkennt Krankheitsmuster fr\u00fch und f\u00f6rdert ganzheitliche Heilung. Bioenergetische Test- und Therapieverfahren sind auf dem Vormarsch | Ben Brendle Durch neueste Erkenntnisse aus der Quantenphysik erleben wir heute eine Wiedervereinigung dessen, was jahrhundertelang getrennt schien: K\u00f6rper und Geist. Das Energiefeld des Menschen ist [&hellip;]<\/p>","protected":false},"author":3,"featured_media":0,"parent":0,"menu_order":0,"comment_status":"closed","ping_status":"closed","template":"elementor_header_footer","meta":{"footnotes":""},"class_list":["post-2188","page","type-page","status-publish","hentry"],"_links":{"self":[{"href":"https:\/\/delta-scan.de\/en\/wp-json\/wp\/v2\/pages\/2188","targetHints":{"allow":["GET"]}}],"collection":[{"href":"https:\/\/delta-scan.de\/en\/wp-json\/wp\/v2\/pages"}],"about":[{"href":"https:\/\/delta-scan.de\/en\/wp-json\/wp\/v2\/types\/page"}],"author":[{"embeddable":true,"href":"https:\/\/delta-scan.de\/en\/wp-json\/wp\/v2\/users\/3"}],"replies":[{"embeddable":true,"href":"https:\/\/delta-scan.de\/en\/wp-json\/wp\/v2\/comments?post=2188"}],"version-history":[{"count":10,"href":"https:\/\/delta-scan.de\/en\/wp-json\/wp\/v2\/pages\/2188\/revisions"}],"predecessor-version":[{"id":2691,"href":"https:\/\/delta-scan.de\/en\/wp-json\/wp\/v2\/pages\/2188\/revisions\/2691"}],"wp:attachment":[{"href":"https:\/\/delta-scan.de\/en\/wp-json\/wp\/v2\/media?parent=2188"}],"curies":[{"name":"wp","href":"https:\/\/api.w.org\/{rel}","templated":true}]}}