{"id":2152,"date":"2025-02-09T16:32:17","date_gmt":"2025-02-09T16:32:17","guid":{"rendered":"https:\/\/delta-scan.de\/?page_id=2152"},"modified":"2025-02-10T10:08:00","modified_gmt":"2025-02-10T10:08:00","slug":"empfehlungen","status":"publish","type":"page","link":"https:\/\/delta-scan.de\/en\/empfehlungen\/","title":{"rendered":"Empfehlungen"},"content":{"rendered":"<div data-elementor-type=\"wp-page\" data-elementor-id=\"2152\" class=\"elementor elementor-2152\" data-elementor-post-type=\"page\">\n\t\t\t\t<div class=\"elementor-element elementor-element-5cd5fd21 e-flex e-con-boxed e-con e-parent\" data-id=\"5cd5fd21\" data-element_type=\"container\" data-settings=\"{&quot;background_background&quot;:&quot;classic&quot;}\">\n\t\t\t\t\t<div class=\"e-con-inner\">\n\t\t\t\t<div class=\"elementor-element elementor-element-34834316 elementor-widget__width-initial elementor-widget-mobile__width-inherit elementor-invisible elementor-widget elementor-widget-heading\" data-id=\"34834316\" data-element_type=\"widget\" data-settings=\"{&quot;_animation&quot;:&quot;fadeInUp&quot;}\" data-widget_type=\"heading.default\">\n\t\t\t\t<div class=\"elementor-widget-container\">\n\t\t\t\t\t<h1 class=\"elementor-heading-title elementor-size-default\">Empfehlungen<\/h1>\t\t\t\t<\/div>\n\t\t\t\t<\/div>\n\t\t\t\t<div class=\"elementor-element elementor-element-19ab91c7 elementor-widget__width-initial elementor-widget-mobile__width-inherit elementor-invisible elementor-widget elementor-widget-text-editor\" data-id=\"19ab91c7\" data-element_type=\"widget\" data-settings=\"{&quot;_animation&quot;:&quot;fadeInUp&quot;}\" data-widget_type=\"text-editor.default\">\n\t\t\t\t<div class=\"elementor-widget-container\">\n\t\t\t\t\t\t\t\t\t<p>Empfehlungen f\u00fcr Ihre pers\u00f6nliche Entwicklung: gepr\u00fcfte Qualit\u00e4t, individuelle Inspiration, wertvolle Ressourcen \u2013 jetzt entdecken!<\/p>\t\t\t\t\t\t\t\t<\/div>\n\t\t\t\t<\/div>\n\t\t\t\t\t<\/div>\n\t\t\t\t<\/div>\n\t\t<div class=\"elementor-element elementor-element-99003cf e-flex e-con-boxed e-con e-parent\" data-id=\"99003cf\" data-element_type=\"container\">\n\t\t\t\t\t<div class=\"e-con-inner\">\n\t\t\t\t<div class=\"elementor-element elementor-element-6449751 elementor-widget elementor-widget-text-editor\" data-id=\"6449751\" data-element_type=\"widget\" data-widget_type=\"text-editor.default\">\n\t\t\t\t<div class=\"elementor-widget-container\">\n\t\t\t\t\t\t\t\t\t<p><strong>Empfehlungen zum Thema Pers\u00f6nlichkeitsentwicklung<\/strong><\/p><p>Wir legen gro\u00dfen Wert darauf, Ihnen nur Empfehlungen aus voller \u00dcberzeugung und mit bestem Gewissen auszusprechen. Alle von uns empfohlenen B\u00fccher, CDs, Seminare und weiteren Ressourcen haben wir selbst gelesen, geh\u00f6rt oder besucht und auf ihre Qualit\u00e4t gepr\u00fcft.<\/p><p>Unsere Empfehlungen sind vielseitig, um m\u00f6glichst vielen Lebenssituationen und individuellen Bed\u00fcrfnissen gerecht zu werden. Nehmen Sie sich einfach die Anregungen heraus, die f\u00fcr Sie aktuell von Bedeutung sind und zu Ihrer pers\u00f6nlichen Entwicklung passen.<\/p><p>Haben Sie selbst Empfehlungen, die Sie mit uns teilen m\u00f6chten? Nutzen Sie gerne unser Kontaktformular. Wir freuen uns \u00fcber jede R\u00fcckmeldung, Anregung oder Inspiration, die unsere Liste bereichern k\u00f6nnte \u2013 herzlichen Dank daf\u00fcr!<\/p><p>\u00dcbrigens: F\u00fcr den bequemen und schnellen Einkauf empfehlen wir Ihnen den Onlinekauf bei Amazon.<\/p><p><strong>Bleiben Sie inspiriert und investieren Sie in Ihre pers\u00f6nliche Weiterentwicklung \u2013 es lohnt sich!<\/strong><\/p>\t\t\t\t\t\t\t\t<\/div>\n\t\t\t\t<\/div>\n\t\t\t\t\t<\/div>\n\t\t\t\t<\/div>\n\t\t<div class=\"elementor-element elementor-element-713670b6 e-flex e-con-boxed e-con e-parent\" data-id=\"713670b6\" data-element_type=\"container\">\n\t\t\t\t\t<div class=\"e-con-inner\">\n\t\t<div class=\"elementor-element elementor-element-5a5bf757 e-grid e-con-full e-con e-child\" data-id=\"5a5bf757\" data-element_type=\"container\">\n\t\t<div class=\"elementor-element elementor-element-7abb772d e-con-full e-flex elementor-invisible e-con e-child\" data-id=\"7abb772d\" data-element_type=\"container\" data-settings=\"{&quot;animation&quot;:&quot;fadeInUp&quot;}\">\n\t\t\t\t<div class=\"elementor-element elementor-element-51162e7b elementor-widget elementor-widget-heading\" data-id=\"51162e7b\" data-element_type=\"widget\" data-widget_type=\"heading.default\">\n\t\t\t\t<div class=\"elementor-widget-container\">\n\t\t\t\t\t<h6 class=\"elementor-heading-title elementor-size-default\">01. \tThe Secret<\/h6>\t\t\t\t<\/div>\n\t\t\t\t<\/div>\n\t\t\t\t<div class=\"elementor-element elementor-element-5c9a84d3 elementor-widget elementor-widget-image\" data-id=\"5c9a84d3\" data-element_type=\"widget\" data-widget_type=\"image.default\">\n\t\t\t\t<div class=\"elementor-widget-container\">\n\t\t\t\t\t\t\t\t\t\t\t\t\t\t\t<img fetchpriority=\"high\" decoding=\"async\" width=\"1000\" height=\"1425\" src=\"https:\/\/delta-scan.de\/wp-content\/uploads\/2025\/02\/Secret.jpg\" class=\"attachment-full size-full wp-image-2220\" alt=\"\" srcset=\"https:\/\/delta-scan.de\/wp-content\/uploads\/2025\/02\/Secret.jpg 1000w, https:\/\/delta-scan.de\/wp-content\/uploads\/2025\/02\/Secret-211x300.jpg 211w, https:\/\/delta-scan.de\/wp-content\/uploads\/2025\/02\/Secret-719x1024.jpg 719w, https:\/\/delta-scan.de\/wp-content\/uploads\/2025\/02\/Secret-768x1094.jpg 768w, https:\/\/delta-scan.de\/wp-content\/uploads\/2025\/02\/Secret-8x12.jpg 8w\" sizes=\"(max-width: 1000px) 100vw, 1000px\" \/>\t\t\t\t\t\t\t\t\t\t\t\t\t\t\t<\/div>\n\t\t\t\t<\/div>\n\t\t\t\t<div class=\"elementor-element elementor-element-6786e223 elementor-widget elementor-widget-text-editor\" data-id=\"6786e223\" data-element_type=\"widget\" data-widget_type=\"text-editor.default\">\n\t\t\t\t<div class=\"elementor-widget-container\">\n\t\t\t\t\t\t\t\t\t<p>Das Geheimnis des Lebens war fr\u00fcher nur wenigen Auserw\u00e4hlten vorbehalten. Heute ist es jedem zug\u00e4nglich, der es verstehen m\u00f6chte. In &#8222;The Secret&#8220; gibt Rhonda Byrne ihre Erkenntnisse und die Meinungen vieler Lehrer weiter. Uns hat dieses Buch sehr inspiriert und unsere Erkenntnisse vertieft bzw. nochmals verst\u00e4rkt.<\/p>\t\t\t\t\t\t\t\t<\/div>\n\t\t\t\t<\/div>\n\t\t\t\t<\/div>\n\t\t<div class=\"elementor-element elementor-element-3e0c158a e-con-full e-flex elementor-invisible e-con e-child\" data-id=\"3e0c158a\" data-element_type=\"container\" data-settings=\"{&quot;animation&quot;:&quot;fadeInUp&quot;,&quot;animation_delay&quot;:200}\">\n\t\t\t\t<div class=\"elementor-element elementor-element-1117b7bd elementor-widget elementor-widget-heading\" data-id=\"1117b7bd\" data-element_type=\"widget\" data-widget_type=\"heading.default\">\n\t\t\t\t<div class=\"elementor-widget-container\">\n\t\t\t\t\t<h6 class=\"elementor-heading-title elementor-size-default\">02. \tBleep<\/h6>\t\t\t\t<\/div>\n\t\t\t\t<\/div>\n\t\t\t\t<div class=\"elementor-element elementor-element-6549106e elementor-widget elementor-widget-image\" data-id=\"6549106e\" data-element_type=\"widget\" data-widget_type=\"image.default\">\n\t\t\t\t<div class=\"elementor-widget-container\">\n\t\t\t\t\t\t\t\t\t\t\t\t\t\t\t<img decoding=\"async\" width=\"240\" height=\"346\" src=\"https:\/\/delta-scan.de\/wp-content\/uploads\/2025\/02\/bleep.webp\" class=\"attachment-full size-full wp-image-2222\" alt=\"\" srcset=\"https:\/\/delta-scan.de\/wp-content\/uploads\/2025\/02\/bleep.webp 240w, https:\/\/delta-scan.de\/wp-content\/uploads\/2025\/02\/bleep-208x300.webp 208w, https:\/\/delta-scan.de\/wp-content\/uploads\/2025\/02\/bleep-8x12.webp 8w\" sizes=\"(max-width: 240px) 100vw, 240px\" \/>\t\t\t\t\t\t\t\t\t\t\t\t\t\t\t<\/div>\n\t\t\t\t<\/div>\n\t\t\t\t<div class=\"elementor-element elementor-element-2805b818 elementor-widget elementor-widget-text-editor\" data-id=\"2805b818\" data-element_type=\"widget\" data-widget_type=\"text-editor.default\">\n\t\t\t\t<div class=\"elementor-widget-container\">\n\t\t\t\t\t\t\t\t\t<p>Wie funktioniert Realit\u00e4t, wer erschafft sie? Was sind Gedanken? Wo kommen sie her? Unsere Beziehungen scheinen sich in ihrer Qualit\u00e4t zu wiederholen, woran liegt das? Warum ver\u00e4ndert sich nicht wirklich etwas? Haben wir Einfluss auf das, was uns passiert oder sind wir Opfer der Umst\u00e4nde?<\/p>\t\t\t\t\t\t\t\t<\/div>\n\t\t\t\t<\/div>\n\t\t\t\t<\/div>\n\t\t<div class=\"elementor-element elementor-element-23a047b4 e-con-full e-flex elementor-invisible e-con e-child\" data-id=\"23a047b4\" data-element_type=\"container\" data-settings=\"{&quot;animation&quot;:&quot;fadeInUp&quot;,&quot;animation_delay&quot;:400}\">\n\t\t\t\t<div class=\"elementor-element elementor-element-4d3855d3 elementor-widget elementor-widget-heading\" data-id=\"4d3855d3\" data-element_type=\"widget\" data-widget_type=\"heading.default\">\n\t\t\t\t<div class=\"elementor-widget-container\">\n\t\t\t\t\t<h6 class=\"elementor-heading-title elementor-size-default\">03. Unterwegs - Der Film \u00fcber geistiges Heilen.<\/h6>\t\t\t\t<\/div>\n\t\t\t\t<\/div>\n\t\t\t\t<div class=\"elementor-element elementor-element-2f400c5b elementor-widget elementor-widget-image\" data-id=\"2f400c5b\" data-element_type=\"widget\" data-widget_type=\"image.default\">\n\t\t\t\t<div class=\"elementor-widget-container\">\n\t\t\t\t\t\t\t\t\t\t\t\t\t\t\t<img decoding=\"async\" width=\"1000\" height=\"1437\" src=\"https:\/\/delta-scan.de\/wp-content\/uploads\/2025\/02\/Unterwegs-Der-Film-ueber-geistiges-Heilen.jpg\" class=\"attachment-full size-full wp-image-2223\" alt=\"\" srcset=\"https:\/\/delta-scan.de\/wp-content\/uploads\/2025\/02\/Unterwegs-Der-Film-ueber-geistiges-Heilen.jpg 1000w, https:\/\/delta-scan.de\/wp-content\/uploads\/2025\/02\/Unterwegs-Der-Film-ueber-geistiges-Heilen-209x300.jpg 209w, https:\/\/delta-scan.de\/wp-content\/uploads\/2025\/02\/Unterwegs-Der-Film-ueber-geistiges-Heilen-713x1024.jpg 713w, https:\/\/delta-scan.de\/wp-content\/uploads\/2025\/02\/Unterwegs-Der-Film-ueber-geistiges-Heilen-768x1104.jpg 768w, https:\/\/delta-scan.de\/wp-content\/uploads\/2025\/02\/Unterwegs-Der-Film-ueber-geistiges-Heilen-8x12.jpg 8w\" sizes=\"(max-width: 1000px) 100vw, 1000px\" \/>\t\t\t\t\t\t\t\t\t\t\t\t\t\t\t<\/div>\n\t\t\t\t<\/div>\n\t\t\t\t<div class=\"elementor-element elementor-element-4f8905b elementor-widget elementor-widget-text-editor\" data-id=\"4f8905b\" data-element_type=\"widget\" data-widget_type=\"text-editor.default\">\n\t\t\t\t<div class=\"elementor-widget-container\">\n\t\t\t\t\t\t\t\t\t<p>Erleben Sie die faszinierende Welt der Alchimisten, Geistheiler und Schamanen. Wir begegnen Ihnen auf der ganzen Welt. Doch haben Sie wirklich besondere F\u00e4higkeiten? Was ist Magie? Was ist real?<\/p>\t\t\t\t\t\t\t\t<\/div>\n\t\t\t\t<\/div>\n\t\t\t\t<\/div>\n\t\t<div class=\"elementor-element elementor-element-673c714b e-con-full e-flex elementor-invisible e-con e-child\" data-id=\"673c714b\" data-element_type=\"container\" data-settings=\"{&quot;animation&quot;:&quot;fadeInUp&quot;,&quot;animation_delay&quot;:600}\">\n\t\t\t\t<div class=\"elementor-element elementor-element-60ea399c elementor-widget elementor-widget-heading\" data-id=\"60ea399c\" data-element_type=\"widget\" data-widget_type=\"heading.default\">\n\t\t\t\t<div class=\"elementor-widget-container\">\n\t\t\t\t\t<h6 class=\"elementor-heading-title elementor-size-default\">04.\t\nDie Entstehung der Realit<\/h6>\t\t\t\t<\/div>\n\t\t\t\t<\/div>\n\t\t\t\t<div class=\"elementor-element elementor-element-3d72b2b7 elementor-widget elementor-widget-image\" data-id=\"3d72b2b7\" data-element_type=\"widget\" data-widget_type=\"image.default\">\n\t\t\t\t<div class=\"elementor-widget-container\">\n\t\t\t\t\t\t\t\t\t\t\t\t\t\t\t<img loading=\"lazy\" decoding=\"async\" width=\"300\" height=\"426\" src=\"https:\/\/delta-scan.de\/wp-content\/uploads\/2025\/02\/Joerg-StarkmuthDie-Entstehung-der-Realitaet-Wie-das-Bewusstsein-die-Welt-erschafft-Ein-Vorschlag-fuer.jpg\" class=\"attachment-full size-full wp-image-2224\" alt=\"\" srcset=\"https:\/\/delta-scan.de\/wp-content\/uploads\/2025\/02\/Joerg-StarkmuthDie-Entstehung-der-Realitaet-Wie-das-Bewusstsein-die-Welt-erschafft-Ein-Vorschlag-fuer.jpg 300w, https:\/\/delta-scan.de\/wp-content\/uploads\/2025\/02\/Joerg-StarkmuthDie-Entstehung-der-Realitaet-Wie-das-Bewusstsein-die-Welt-erschafft-Ein-Vorschlag-fuer-211x300.jpg 211w, https:\/\/delta-scan.de\/wp-content\/uploads\/2025\/02\/Joerg-StarkmuthDie-Entstehung-der-Realitaet-Wie-das-Bewusstsein-die-Welt-erschafft-Ein-Vorschlag-fuer-8x12.jpg 8w\" sizes=\"(max-width: 300px) 100vw, 300px\" \/>\t\t\t\t\t\t\t\t\t\t\t\t\t\t\t<\/div>\n\t\t\t\t<\/div>\n\t\t\t\t<div class=\"elementor-element elementor-element-15b4fec elementor-widget elementor-widget-text-editor\" data-id=\"15b4fec\" data-element_type=\"widget\" data-widget_type=\"text-editor.default\">\n\t\t\t\t<div class=\"elementor-widget-container\">\n\t\t\t\t\t\t\t\t\t<p>In &#8222;Die Entstehung der Realit\u00e4t&#8220; beschreibt J\u00f6rg Starkmuth seine Erkenntnisse zum Leben. Er verbindet dabei Wissenschaft, Religion und weitere Quellen. Einstein&#8217;s Relativit\u00e4tstheorie findet, genau wie Jesus, Budha und andere Per\u00f6nlichkeiten der Menschheitsgeschichte, ihren Platz.<\/p>\t\t\t\t\t\t\t\t<\/div>\n\t\t\t\t<\/div>\n\t\t\t\t<\/div>\n\t\t<div class=\"elementor-element elementor-element-545bb81d e-con-full e-flex elementor-invisible e-con e-child\" data-id=\"545bb81d\" data-element_type=\"container\" data-settings=\"{&quot;animation&quot;:&quot;fadeInUp&quot;}\">\n\t\t\t\t<div class=\"elementor-element elementor-element-6aef704d elementor-widget elementor-widget-heading\" data-id=\"6aef704d\" data-element_type=\"widget\" data-widget_type=\"heading.default\">\n\t\t\t\t<div class=\"elementor-widget-container\">\n\t\t\t\t\t<h6 class=\"elementor-heading-title elementor-size-default\">05. \t\nLeide nicht - liebe!<\/h6>\t\t\t\t<\/div>\n\t\t\t\t<\/div>\n\t\t\t\t<div class=\"elementor-element elementor-element-63824e06 elementor-widget elementor-widget-image\" data-id=\"63824e06\" data-element_type=\"widget\" data-widget_type=\"image.default\">\n\t\t\t\t<div class=\"elementor-widget-container\">\n\t\t\t\t\t\t\t\t\t\t\t\t\t\t\t<img loading=\"lazy\" decoding=\"async\" width=\"1318\" height=\"2000\" src=\"https:\/\/delta-scan.de\/wp-content\/uploads\/2025\/02\/Leide-nicht-liebe.webp\" class=\"attachment-full size-full wp-image-2225\" alt=\"\" srcset=\"https:\/\/delta-scan.de\/wp-content\/uploads\/2025\/02\/Leide-nicht-liebe.webp 1318w, https:\/\/delta-scan.de\/wp-content\/uploads\/2025\/02\/Leide-nicht-liebe-198x300.webp 198w, https:\/\/delta-scan.de\/wp-content\/uploads\/2025\/02\/Leide-nicht-liebe-675x1024.webp 675w, https:\/\/delta-scan.de\/wp-content\/uploads\/2025\/02\/Leide-nicht-liebe-768x1165.webp 768w, https:\/\/delta-scan.de\/wp-content\/uploads\/2025\/02\/Leide-nicht-liebe-1012x1536.webp 1012w, https:\/\/delta-scan.de\/wp-content\/uploads\/2025\/02\/Leide-nicht-liebe-8x12.webp 8w\" sizes=\"(max-width: 1318px) 100vw, 1318px\" \/>\t\t\t\t\t\t\t\t\t\t\t\t\t\t\t<\/div>\n\t\t\t\t<\/div>\n\t\t\t\t<div class=\"elementor-element elementor-element-45685bde elementor-widget elementor-widget-text-editor\" data-id=\"45685bde\" data-element_type=\"widget\" data-widget_type=\"text-editor.default\">\n\t\t\t\t<div class=\"elementor-widget-container\">\n\t\t\t\t\t\t\t\t\t<p>&#8222;Leide nicht &#8211; liebe!&#8220; von Werner Ablass, beschreibt die Liebe ohne Objekt (AGAPE). Liebe ist die h\u00f6chste Daseins-Form und immer vorhanden &#8211; ein Grundgesetzt, wie die Schwerkraft. Alles ist eine Frage der Resonanz und Schwingung. Wer dies erkennt, h\u00e4lt die h\u00f6chste Macht in den H\u00e4nden.<\/p>\t\t\t\t\t\t\t\t<\/div>\n\t\t\t\t<\/div>\n\t\t\t\t<\/div>\n\t\t<div class=\"elementor-element elementor-element-3f21d01 e-con-full e-flex elementor-invisible e-con e-child\" data-id=\"3f21d01\" data-element_type=\"container\" data-settings=\"{&quot;animation&quot;:&quot;fadeInUp&quot;,&quot;animation_delay&quot;:200}\">\n\t\t\t\t<div class=\"elementor-element elementor-element-315b9230 elementor-widget elementor-widget-heading\" data-id=\"315b9230\" data-element_type=\"widget\" data-widget_type=\"heading.default\">\n\t\t\t\t<div class=\"elementor-widget-container\">\n\t\t\t\t\t<h6 class=\"elementor-heading-title elementor-size-default\">06. \t\nDie Prophezeiungen von Celestine<\/h6>\t\t\t\t<\/div>\n\t\t\t\t<\/div>\n\t\t\t\t<div class=\"elementor-element elementor-element-6257b563 elementor-widget elementor-widget-image\" data-id=\"6257b563\" data-element_type=\"widget\" data-widget_type=\"image.default\">\n\t\t\t\t<div class=\"elementor-widget-container\">\n\t\t\t\t\t\t\t\t\t\t\t\t\t\t\t<img loading=\"lazy\" decoding=\"async\" width=\"600\" height=\"600\" src=\"https:\/\/delta-scan.de\/wp-content\/uploads\/2025\/02\/Die-Prophezeiungen-von-Celestine.jpg\" class=\"attachment-full size-full wp-image-2226\" alt=\"\" srcset=\"https:\/\/delta-scan.de\/wp-content\/uploads\/2025\/02\/Die-Prophezeiungen-von-Celestine.jpg 600w, https:\/\/delta-scan.de\/wp-content\/uploads\/2025\/02\/Die-Prophezeiungen-von-Celestine-300x300.jpg 300w, https:\/\/delta-scan.de\/wp-content\/uploads\/2025\/02\/Die-Prophezeiungen-von-Celestine-150x150.jpg 150w, https:\/\/delta-scan.de\/wp-content\/uploads\/2025\/02\/Die-Prophezeiungen-von-Celestine-12x12.jpg 12w\" sizes=\"(max-width: 600px) 100vw, 600px\" \/>\t\t\t\t\t\t\t\t\t\t\t\t\t\t\t<\/div>\n\t\t\t\t<\/div>\n\t\t\t\t<div class=\"elementor-element elementor-element-200e1b elementor-widget elementor-widget-text-editor\" data-id=\"200e1b\" data-element_type=\"widget\" data-widget_type=\"text-editor.default\">\n\t\t\t\t<div class=\"elementor-widget-container\">\n\t\t\t\t\t\t\t\t\t<p>Ein Mann erf\u00e4hrt von einem mysteri\u00f6sen Fund in Peru: Eine 2600 Jahre alte Handschrift, die in neun einzelnen Teilen den Weg in ein neues, spirituelles Zeitalter aufzeigen soll. Hals \u00fcber Kopf macht er sich auf den Weg, um der Sache auf den Grund zu gehen.<\/p>\t\t\t\t\t\t\t\t<\/div>\n\t\t\t\t<\/div>\n\t\t\t\t<\/div>\n\t\t\t\t<\/div>\n\t\t\t\t\t<\/div>\n\t\t\t\t<\/div>\n\t\t\t\t<\/div>","protected":false},"excerpt":{"rendered":"<p>Empfehlungen Empfehlungen f\u00fcr Ihre pers\u00f6nliche Entwicklung: gepr\u00fcfte Qualit\u00e4t, individuelle Inspiration, wertvolle Ressourcen \u2013 jetzt entdecken! Empfehlungen zum Thema Pers\u00f6nlichkeitsentwicklung Wir legen gro\u00dfen Wert darauf, Ihnen nur Empfehlungen aus voller \u00dcberzeugung und mit bestem Gewissen auszusprechen. Alle von uns empfohlenen B\u00fccher, CDs, Seminare und weiteren Ressourcen haben wir selbst gelesen, geh\u00f6rt oder besucht und auf ihre [&hellip;]<\/p>","protected":false},"author":3,"featured_media":0,"parent":0,"menu_order":0,"comment_status":"closed","ping_status":"closed","template":"elementor_header_footer","meta":{"footnotes":""},"class_list":["post-2152","page","type-page","status-publish","hentry"],"_links":{"self":[{"href":"https:\/\/delta-scan.de\/en\/wp-json\/wp\/v2\/pages\/2152","targetHints":{"allow":["GET"]}}],"collection":[{"href":"https:\/\/delta-scan.de\/en\/wp-json\/wp\/v2\/pages"}],"about":[{"href":"https:\/\/delta-scan.de\/en\/wp-json\/wp\/v2\/types\/page"}],"author":[{"embeddable":true,"href":"https:\/\/delta-scan.de\/en\/wp-json\/wp\/v2\/users\/3"}],"replies":[{"embeddable":true,"href":"https:\/\/delta-scan.de\/en\/wp-json\/wp\/v2\/comments?post=2152"}],"version-history":[{"count":4,"href":"https:\/\/delta-scan.de\/en\/wp-json\/wp\/v2\/pages\/2152\/revisions"}],"predecessor-version":[{"id":2229,"href":"https:\/\/delta-scan.de\/en\/wp-json\/wp\/v2\/pages\/2152\/revisions\/2229"}],"wp:attachment":[{"href":"https:\/\/delta-scan.de\/en\/wp-json\/wp\/v2\/media?parent=2152"}],"curies":[{"name":"wp","href":"https:\/\/api.w.org\/{rel}","templated":true}]}}