{"id":2150,"date":"2025-02-09T16:32:03","date_gmt":"2025-02-09T16:32:03","guid":{"rendered":"https:\/\/delta-scan.de\/?page_id=2150"},"modified":"2025-02-10T09:49:04","modified_gmt":"2025-02-10T09:49:04","slug":"publikationen","status":"publish","type":"page","link":"https:\/\/delta-scan.de\/en\/publikationen\/","title":{"rendered":"Publikationen"},"content":{"rendered":"<div data-elementor-type=\"wp-page\" data-elementor-id=\"2150\" class=\"elementor elementor-2150\" data-elementor-post-type=\"page\">\n\t\t\t\t<div class=\"elementor-element elementor-element-5837a310 e-flex e-con-boxed e-con e-parent\" data-id=\"5837a310\" data-element_type=\"container\" data-settings=\"{&quot;background_background&quot;:&quot;classic&quot;}\">\n\t\t\t\t\t<div class=\"e-con-inner\">\n\t\t\t\t<div class=\"elementor-element elementor-element-12704fde elementor-widget__width-initial elementor-widget-mobile__width-inherit elementor-invisible elementor-widget elementor-widget-heading\" data-id=\"12704fde\" data-element_type=\"widget\" data-settings=\"{&quot;_animation&quot;:&quot;fadeInUp&quot;}\" data-widget_type=\"heading.default\">\n\t\t\t\t<div class=\"elementor-widget-container\">\n\t\t\t\t\t<h1 class=\"elementor-heading-title elementor-size-default\">Publikationen<\/h1>\t\t\t\t<\/div>\n\t\t\t\t<\/div>\n\t\t\t\t<div class=\"elementor-element elementor-element-183c4f65 elementor-widget__width-initial elementor-widget-mobile__width-inherit elementor-invisible elementor-widget elementor-widget-text-editor\" data-id=\"183c4f65\" data-element_type=\"widget\" data-settings=\"{&quot;_animation&quot;:&quot;fadeInUp&quot;}\" data-widget_type=\"text-editor.default\">\n\t\t\t\t<div class=\"elementor-widget-container\">\n\t\t\t\t\t\t\t\t\t<p>Entdecken Sie umfassende Artikel \u00fcber bioenergetische Analysen, Bioresonanz-Therapien und revolution\u00e4re Erkenntnisse der Quantenmedizin.<\/p>\t\t\t\t\t\t\t\t<\/div>\n\t\t\t\t<\/div>\n\t\t\t\t\t<\/div>\n\t\t\t\t<\/div>\n\t\t<div class=\"elementor-element elementor-element-366ca204 e-flex e-con-boxed e-con e-parent\" data-id=\"366ca204\" data-element_type=\"container\">\n\t\t\t\t\t<div class=\"e-con-inner\">\n\t\t<div class=\"elementor-element elementor-element-7c8ca8f9 e-grid e-con-full e-con e-child\" data-id=\"7c8ca8f9\" data-element_type=\"container\">\n\t\t<div class=\"elementor-element elementor-element-7000909a e-con-full e-flex elementor-invisible e-con e-child\" data-id=\"7000909a\" data-element_type=\"container\" data-settings=\"{&quot;animation&quot;:&quot;fadeInUp&quot;}\">\n\t\t\t\t<div class=\"elementor-element elementor-element-6e5de5be elementor-widget elementor-widget-heading\" data-id=\"6e5de5be\" data-element_type=\"widget\" data-widget_type=\"heading.default\">\n\t\t\t\t<div class=\"elementor-widget-container\">\n\t\t\t\t\t<h6 class=\"elementor-heading-title elementor-size-default\"><a href=\"https:\/\/delta-scan.de\/en\/bioresonanz-co-revolutionieren-die-medizin-ben-brendle\/\">01. Bioresonanz Medizin<\/a><\/h6>\t\t\t\t<\/div>\n\t\t\t\t<\/div>\n\t\t\t\t<div class=\"elementor-element elementor-element-6e09cdd2 elementor-widget elementor-widget-image\" data-id=\"6e09cdd2\" data-element_type=\"widget\" data-widget_type=\"image.default\">\n\t\t\t\t<div class=\"elementor-widget-container\">\n\t\t\t\t\t\t\t\t\t\t\t\t\t\t\t\t<a href=\"https:\/\/delta-scan.de\/en\/bioresonanz-co-revolutionieren-die-medizin-ben-brendle\/\">\n\t\t\t\t\t\t\t<img fetchpriority=\"high\" decoding=\"async\" width=\"500\" height=\"600\" src=\"https:\/\/delta-scan.de\/wp-content\/uploads\/2024\/11\/13.webp\" class=\"attachment-full size-full wp-image-699\" alt=\"\" srcset=\"https:\/\/delta-scan.de\/wp-content\/uploads\/2024\/11\/13.webp 500w, https:\/\/delta-scan.de\/wp-content\/uploads\/2024\/11\/13-250x300.webp 250w\" sizes=\"(max-width: 500px) 100vw, 500px\" \/>\t\t\t\t\t\t\t\t<\/a>\n\t\t\t\t\t\t\t\t\t\t\t\t\t\t\t<\/div>\n\t\t\t\t<\/div>\n\t\t\t\t<div class=\"elementor-element elementor-element-40d5203b elementor-widget elementor-widget-text-editor\" data-id=\"40d5203b\" data-element_type=\"widget\" data-widget_type=\"text-editor.default\">\n\t\t\t\t<div class=\"elementor-widget-container\">\n\t\t\t\t\t\t\t\t\t<p>Bioresonanz nutzt Schwingungen, um Krankheiten fr\u00fch zu erkennen und K\u00f6rper-Geist-Balance wiederherzustellen.<\/p>\t\t\t\t\t\t\t\t<\/div>\n\t\t\t\t<\/div>\n\t\t\t\t<\/div>\n\t\t<div class=\"elementor-element elementor-element-2c89e950 e-con-full e-flex elementor-invisible e-con e-child\" data-id=\"2c89e950\" data-element_type=\"container\" data-settings=\"{&quot;animation&quot;:&quot;fadeInUp&quot;,&quot;animation_delay&quot;:200}\">\n\t\t\t\t<div class=\"elementor-element elementor-element-2db2926 elementor-widget elementor-widget-heading\" data-id=\"2db2926\" data-element_type=\"widget\" data-widget_type=\"heading.default\">\n\t\t\t\t<div class=\"elementor-widget-container\">\n\t\t\t\t\t<h6 class=\"elementor-heading-title elementor-size-default\"><a href=\"https:\/\/delta-scan.de\/en\/die-energie-des-koerpers-testen-irmgard-wagner\/\">02. DELTA-Scan Therapie<\/a><\/h6>\t\t\t\t<\/div>\n\t\t\t\t<\/div>\n\t\t\t\t<div class=\"elementor-element elementor-element-549e8fa elementor-widget elementor-widget-image\" data-id=\"549e8fa\" data-element_type=\"widget\" data-widget_type=\"image.default\">\n\t\t\t\t<div class=\"elementor-widget-container\">\n\t\t\t\t\t\t\t\t\t\t\t\t\t\t\t\t<a href=\"https:\/\/delta-scan.de\/en\/die-energie-des-koerpers-testen-irmgard-wagner\/\">\n\t\t\t\t\t\t\t<img decoding=\"async\" width=\"500\" height=\"600\" src=\"https:\/\/delta-scan.de\/wp-content\/uploads\/2024\/11\/04.webp\" class=\"attachment-full size-full wp-image-700\" alt=\"\" srcset=\"https:\/\/delta-scan.de\/wp-content\/uploads\/2024\/11\/04.webp 500w, https:\/\/delta-scan.de\/wp-content\/uploads\/2024\/11\/04-250x300.webp 250w\" sizes=\"(max-width: 500px) 100vw, 500px\" \/>\t\t\t\t\t\t\t\t<\/a>\n\t\t\t\t\t\t\t\t\t\t\t\t\t\t\t<\/div>\n\t\t\t\t<\/div>\n\t\t\t\t<div class=\"elementor-element elementor-element-4d72ae9 elementor-widget elementor-widget-text-editor\" data-id=\"4d72ae9\" data-element_type=\"widget\" data-widget_type=\"text-editor.default\">\n\t\t\t\t<div class=\"elementor-widget-container\">\n\t\t\t\t\t\t\t\t\t<p>DELTA-Scan analysiert und harmonisiert bioenergetische Schwingungen, erkennt Belastungen fr\u00fchzeitig und st\u00e4rkt den Energiek\u00f6rper.<\/p>\t\t\t\t\t\t\t\t<\/div>\n\t\t\t\t<\/div>\n\t\t\t\t<\/div>\n\t\t<div class=\"elementor-element elementor-element-5dc0fe4c e-con-full e-flex elementor-invisible e-con e-child\" data-id=\"5dc0fe4c\" data-element_type=\"container\" data-settings=\"{&quot;animation&quot;:&quot;fadeInUp&quot;,&quot;animation_delay&quot;:400}\">\n\t\t\t\t<div class=\"elementor-element elementor-element-1b80958c elementor-widget elementor-widget-heading\" data-id=\"1b80958c\" data-element_type=\"widget\" data-widget_type=\"heading.default\">\n\t\t\t\t<div class=\"elementor-widget-container\">\n\t\t\t\t\t<h6 class=\"elementor-heading-title elementor-size-default\"><a href=\"https:\/\/delta-scan.de\/en\/gedanken-markus-buchhauser\/\">03. Energetische Heilung<\/a><\/h6>\t\t\t\t<\/div>\n\t\t\t\t<\/div>\n\t\t\t\t<div class=\"elementor-element elementor-element-7b48de66 elementor-widget elementor-widget-image\" data-id=\"7b48de66\" data-element_type=\"widget\" data-widget_type=\"image.default\">\n\t\t\t\t<div class=\"elementor-widget-container\">\n\t\t\t\t\t\t\t\t\t\t\t\t\t\t\t\t<a href=\"https:\/\/delta-scan.de\/en\/gedanken-markus-buchhauser\/\">\n\t\t\t\t\t\t\t<img decoding=\"async\" width=\"500\" height=\"600\" src=\"https:\/\/delta-scan.de\/wp-content\/uploads\/2024\/11\/05.webp\" class=\"attachment-full size-full wp-image-701\" alt=\"\" srcset=\"https:\/\/delta-scan.de\/wp-content\/uploads\/2024\/11\/05.webp 500w, https:\/\/delta-scan.de\/wp-content\/uploads\/2024\/11\/05-250x300.webp 250w\" sizes=\"(max-width: 500px) 100vw, 500px\" \/>\t\t\t\t\t\t\t\t<\/a>\n\t\t\t\t\t\t\t\t\t\t\t\t\t\t\t<\/div>\n\t\t\t\t<\/div>\n\t\t\t\t<div class=\"elementor-element elementor-element-7175c57c elementor-widget elementor-widget-text-editor\" data-id=\"7175c57c\" data-element_type=\"widget\" data-widget_type=\"text-editor.default\">\n\t\t\t\t<div class=\"elementor-widget-container\">\n\t\t\t\t\t\t\t\t\t<p>Krankheiten entstehen durch Disharmonie. DELTA-Scan erkennt energetische Ursachen fr\u00fch und f\u00f6rdert Heilung durch Harmonie.<\/p>\t\t\t\t\t\t\t\t<\/div>\n\t\t\t\t<\/div>\n\t\t\t\t<\/div>\n\t\t\t\t<\/div>\n\t\t\t\t\t<\/div>\n\t\t\t\t<\/div>\n\t\t\t\t<\/div>","protected":false},"excerpt":{"rendered":"<p>Publikationen Entdecken Sie umfassende Artikel \u00fcber bioenergetische Analysen, Bioresonanz-Therapien und revolution\u00e4re Erkenntnisse der Quantenmedizin. 01. Bioresonanz Medizin Bioresonanz nutzt Schwingungen, um Krankheiten fr\u00fch zu erkennen und K\u00f6rper-Geist-Balance wiederherzustellen. 02. DELTA-Scan Therapie DELTA-Scan analysiert und harmonisiert bioenergetische Schwingungen, erkennt Belastungen fr\u00fchzeitig und st\u00e4rkt den Energiek\u00f6rper. 03. Energetische Heilung Krankheiten entstehen durch Disharmonie. DELTA-Scan erkennt energetische Ursachen [&hellip;]<\/p>","protected":false},"author":3,"featured_media":0,"parent":0,"menu_order":0,"comment_status":"closed","ping_status":"closed","template":"elementor_header_footer","meta":{"footnotes":""},"class_list":["post-2150","page","type-page","status-publish","hentry"],"_links":{"self":[{"href":"https:\/\/delta-scan.de\/en\/wp-json\/wp\/v2\/pages\/2150","targetHints":{"allow":["GET"]}}],"collection":[{"href":"https:\/\/delta-scan.de\/en\/wp-json\/wp\/v2\/pages"}],"about":[{"href":"https:\/\/delta-scan.de\/en\/wp-json\/wp\/v2\/types\/page"}],"author":[{"embeddable":true,"href":"https:\/\/delta-scan.de\/en\/wp-json\/wp\/v2\/users\/3"}],"replies":[{"embeddable":true,"href":"https:\/\/delta-scan.de\/en\/wp-json\/wp\/v2\/comments?post=2150"}],"version-history":[{"count":7,"href":"https:\/\/delta-scan.de\/en\/wp-json\/wp\/v2\/pages\/2150\/revisions"}],"predecessor-version":[{"id":2218,"href":"https:\/\/delta-scan.de\/en\/wp-json\/wp\/v2\/pages\/2150\/revisions\/2218"}],"wp:attachment":[{"href":"https:\/\/delta-scan.de\/en\/wp-json\/wp\/v2\/media?parent=2150"}],"curies":[{"name":"wp","href":"https:\/\/api.w.org\/{rel}","templated":true}]}}