{"id":2146,"date":"2025-02-09T16:31:16","date_gmt":"2025-02-09T16:31:16","guid":{"rendered":"https:\/\/delta-scan.de\/?page_id=2146"},"modified":"2025-02-10T13:15:03","modified_gmt":"2025-02-10T13:15:03","slug":"videos-2","status":"publish","type":"page","link":"https:\/\/delta-scan.de\/en\/videos-2\/","title":{"rendered":"Videos"},"content":{"rendered":"<div data-elementor-type=\"wp-page\" data-elementor-id=\"2146\" class=\"elementor elementor-2146\" data-elementor-post-type=\"page\">\n\t\t\t\t<div class=\"elementor-element elementor-element-14957155 e-flex e-con-boxed e-con e-parent\" data-id=\"14957155\" data-element_type=\"container\" data-settings=\"{&quot;background_background&quot;:&quot;classic&quot;}\">\n\t\t\t\t\t<div class=\"e-con-inner\">\n\t\t\t\t<div class=\"elementor-element elementor-element-205dc162 elementor-widget__width-initial elementor-widget-mobile__width-inherit elementor-invisible elementor-widget elementor-widget-heading\" data-id=\"205dc162\" data-element_type=\"widget\" data-settings=\"{&quot;_animation&quot;:&quot;fadeInUp&quot;}\" data-widget_type=\"heading.default\">\n\t\t\t\t<div class=\"elementor-widget-container\">\n\t\t\t\t\t<h1 class=\"elementor-heading-title elementor-size-default\">Videos<\/h1>\t\t\t\t<\/div>\n\t\t\t\t<\/div>\n\t\t\t\t\t<\/div>\n\t\t\t\t<\/div>\n\t\t<div class=\"elementor-element elementor-element-16f5964c e-flex e-con-boxed e-con e-parent\" data-id=\"16f5964c\" data-element_type=\"container\">\n\t\t\t\t\t<div class=\"e-con-inner\">\n\t\t\t\t<div class=\"elementor-element elementor-element-2bc296c elementor-widget elementor-widget-text-editor\" data-id=\"2bc296c\" data-element_type=\"widget\" data-widget_type=\"text-editor.default\">\n\t\t\t\t<div class=\"elementor-widget-container\">\n\t\t\t\t\t\t\t\t\t<p>In unseren Videos zeigen wir Ihnen Schritt f\u00fcr Schritt, wie Sie das DELTA-Scan System optimal nutzen k\u00f6nnen. Von der Inbetriebnahme \u00fcber die Durchf\u00fchrung von Analysen bis hin zur Anwendung der verschiedenen Funktionen erhalten Sie praktische Tipps und detaillierte Anleitungen. Unsere Videoanleitungen helfen Ihnen dabei, das volle Potenzial des Systems auszusch\u00f6pfen und es sicher sowie effizient in Ihrem Alltag oder Ihrer Praxis einzusetzen. Entdecken Sie, wie einfach und effektiv die Nutzung des DELTA-Scan Systems sein kann!<\/p>\t\t\t\t\t\t\t\t<\/div>\n\t\t\t\t<\/div>\n\t\t\t\t\t<\/div>\n\t\t\t\t<\/div>\n\t\t<div class=\"elementor-element elementor-element-5ef2d3a e-flex e-con-boxed e-con e-parent\" data-id=\"5ef2d3a\" data-element_type=\"container\">\n\t\t\t\t\t<div class=\"e-con-inner\">\n\t\t<div class=\"elementor-element elementor-element-4560966 e-con-full e-flex e-con e-child\" data-id=\"4560966\" data-element_type=\"container\">\n\t\t\t\t<div class=\"elementor-element elementor-element-8cf5136 elementor-widget elementor-widget-video\" data-id=\"8cf5136\" data-element_type=\"widget\" data-settings=\"{&quot;youtube_url&quot;:&quot;https:\\\/\\\/www.youtube.com\\\/watch?v=29-NDAD7PzY&quot;,&quot;video_type&quot;:&quot;youtube&quot;,&quot;controls&quot;:&quot;yes&quot;}\" data-widget_type=\"video.default\">\n\t\t\t\t<div class=\"elementor-widget-container\">\n\t\t\t\t\t\t\t<div class=\"elementor-wrapper elementor-open-inline\">\n\t\t\t<div class=\"elementor-video\"><\/div>\t\t<\/div>\n\t\t\t\t\t\t<\/div>\n\t\t\t\t<\/div>\n\t\t\t\t<\/div>\n\t\t<div class=\"elementor-element elementor-element-b747af5 e-con-full e-flex e-con e-child\" data-id=\"b747af5\" data-element_type=\"container\">\n\t\t\t\t<div class=\"elementor-element elementor-element-092c70a elementor-widget elementor-widget-video\" data-id=\"092c70a\" data-element_type=\"widget\" data-settings=\"{&quot;youtube_url&quot;:&quot;https:\\\/\\\/www.youtube.com\\\/watch?v=RZAnhkGLXTI&quot;,&quot;video_type&quot;:&quot;youtube&quot;,&quot;controls&quot;:&quot;yes&quot;}\" data-widget_type=\"video.default\">\n\t\t\t\t<div class=\"elementor-widget-container\">\n\t\t\t\t\t\t\t<div class=\"elementor-wrapper elementor-open-inline\">\n\t\t\t<div class=\"elementor-video\"><\/div>\t\t<\/div>\n\t\t\t\t\t\t<\/div>\n\t\t\t\t<\/div>\n\t\t\t\t<\/div>\n\t\t\t\t\t<\/div>\n\t\t\t\t<\/div>\n\t\t<div class=\"elementor-element elementor-element-6d81740 e-flex e-con-boxed e-con e-parent\" data-id=\"6d81740\" data-element_type=\"container\">\n\t\t\t\t\t<div class=\"e-con-inner\">\n\t\t<div class=\"elementor-element elementor-element-b253bd7 e-con-full e-flex e-con e-child\" data-id=\"b253bd7\" data-element_type=\"container\">\n\t\t\t\t<div class=\"elementor-element elementor-element-f1bc025 elementor-widget elementor-widget-video\" data-id=\"f1bc025\" data-element_type=\"widget\" data-settings=\"{&quot;youtube_url&quot;:&quot;https:\\\/\\\/www.youtube.com\\\/watch?v=LXrHusl19-k&amp;embeds_referring_euri=https%3A%2F%2Fwww.deltascan.de%2F&amp;source_ve_path=MjM4NTE&quot;,&quot;video_type&quot;:&quot;youtube&quot;,&quot;controls&quot;:&quot;yes&quot;}\" data-widget_type=\"video.default\">\n\t\t\t\t<div class=\"elementor-widget-container\">\n\t\t\t\t\t\t\t<div class=\"elementor-wrapper elementor-open-inline\">\n\t\t\t<div class=\"elementor-video\"><\/div>\t\t<\/div>\n\t\t\t\t\t\t<\/div>\n\t\t\t\t<\/div>\n\t\t\t\t<\/div>\n\t\t<div class=\"elementor-element elementor-element-d88e633 e-con-full e-flex e-con e-child\" data-id=\"d88e633\" data-element_type=\"container\">\n\t\t\t\t<div class=\"elementor-element elementor-element-c1a991d elementor-widget elementor-widget-video\" data-id=\"c1a991d\" data-element_type=\"widget\" data-settings=\"{&quot;youtube_url&quot;:&quot;https:\\\/\\\/www.youtube.com\\\/watch?v=uF0JDt4tJTA&amp;embeds_referring_euri=https%3A%2F%2Fwww.deltascan.de%2F&amp;source_ve_path=MjM4NTE&quot;,&quot;video_type&quot;:&quot;youtube&quot;,&quot;controls&quot;:&quot;yes&quot;}\" data-widget_type=\"video.default\">\n\t\t\t\t<div class=\"elementor-widget-container\">\n\t\t\t\t\t\t\t<div class=\"elementor-wrapper elementor-open-inline\">\n\t\t\t<div class=\"elementor-video\"><\/div>\t\t<\/div>\n\t\t\t\t\t\t<\/div>\n\t\t\t\t<\/div>\n\t\t\t\t<\/div>\n\t\t\t\t\t<\/div>\n\t\t\t\t<\/div>\n\t\t<div class=\"elementor-element elementor-element-36418b7 e-flex e-con-boxed e-con e-parent\" data-id=\"36418b7\" data-element_type=\"container\">\n\t\t\t\t\t<div class=\"e-con-inner\">\n\t\t<div class=\"elementor-element elementor-element-6d39942 e-con-full e-flex e-con e-child\" data-id=\"6d39942\" data-element_type=\"container\">\n\t\t\t\t<div class=\"elementor-element elementor-element-a0ae81f elementor-widget elementor-widget-video\" data-id=\"a0ae81f\" data-element_type=\"widget\" data-settings=\"{&quot;youtube_url&quot;:&quot;https:\\\/\\\/www.youtube.com\\\/watch?v=Qsm58xaTZ6g&amp;embeds_referring_euri=https%3A%2F%2Fwww.deltascan.de%2F&amp;source_ve_path=MjM4NTE&quot;,&quot;video_type&quot;:&quot;youtube&quot;,&quot;controls&quot;:&quot;yes&quot;}\" data-widget_type=\"video.default\">\n\t\t\t\t<div class=\"elementor-widget-container\">\n\t\t\t\t\t\t\t<div class=\"elementor-wrapper elementor-open-inline\">\n\t\t\t<div class=\"elementor-video\"><\/div>\t\t<\/div>\n\t\t\t\t\t\t<\/div>\n\t\t\t\t<\/div>\n\t\t\t\t<\/div>\n\t\t<div class=\"elementor-element elementor-element-fd96f86 e-con-full e-flex e-con e-child\" data-id=\"fd96f86\" data-element_type=\"container\">\n\t\t\t\t<div class=\"elementor-element elementor-element-f684bd5 elementor-widget elementor-widget-video\" data-id=\"f684bd5\" data-element_type=\"widget\" data-settings=\"{&quot;youtube_url&quot;:&quot;https:\\\/\\\/www.youtube.com\\\/watch?v=s3E-13qPE8I&amp;embeds_referring_euri=https%3A%2F%2Fwww.deltascan.de%2F&amp;source_ve_path=MjM4NTE&quot;,&quot;video_type&quot;:&quot;youtube&quot;,&quot;controls&quot;:&quot;yes&quot;}\" data-widget_type=\"video.default\">\n\t\t\t\t<div class=\"elementor-widget-container\">\n\t\t\t\t\t\t\t<div class=\"elementor-wrapper elementor-open-inline\">\n\t\t\t<div class=\"elementor-video\"><\/div>\t\t<\/div>\n\t\t\t\t\t\t<\/div>\n\t\t\t\t<\/div>\n\t\t\t\t<\/div>\n\t\t\t\t\t<\/div>\n\t\t\t\t<\/div>\n\t\t<div class=\"elementor-element elementor-element-a259205 e-flex e-con-boxed e-con e-parent\" data-id=\"a259205\" data-element_type=\"container\">\n\t\t\t\t\t<div class=\"e-con-inner\">\n\t\t<div class=\"elementor-element elementor-element-ba13cac e-con-full e-flex e-con e-child\" data-id=\"ba13cac\" data-element_type=\"container\">\n\t\t\t\t<div class=\"elementor-element elementor-element-47d5e6b elementor-widget elementor-widget-video\" data-id=\"47d5e6b\" data-element_type=\"widget\" data-settings=\"{&quot;youtube_url&quot;:&quot;https:\\\/\\\/www.youtube.com\\\/watch?v=C4OcOpOk6Mo&quot;,&quot;video_type&quot;:&quot;youtube&quot;,&quot;controls&quot;:&quot;yes&quot;}\" data-widget_type=\"video.default\">\n\t\t\t\t<div class=\"elementor-widget-container\">\n\t\t\t\t\t\t\t<div class=\"elementor-wrapper elementor-open-inline\">\n\t\t\t<div class=\"elementor-video\"><\/div>\t\t<\/div>\n\t\t\t\t\t\t<\/div>\n\t\t\t\t<\/div>\n\t\t\t\t<\/div>\n\t\t<div class=\"elementor-element elementor-element-d5061c5 e-con-full e-flex e-con e-child\" data-id=\"d5061c5\" data-element_type=\"container\">\n\t\t\t\t<\/div>\n\t\t\t\t\t<\/div>\n\t\t\t\t<\/div>\n\t\t<div class=\"elementor-element elementor-element-3c5de14 e-flex e-con-boxed e-con e-parent\" data-id=\"3c5de14\" data-element_type=\"container\">\n\t\t\t\t\t<div class=\"e-con-inner\">\n\t\t<div class=\"elementor-element elementor-element-7b00a2ab e-grid e-con-boxed e-con e-child\" data-id=\"7b00a2ab\" data-element_type=\"container\">\n\t\t\t\t\t<div class=\"e-con-inner\">\n\t\t<div class=\"elementor-element elementor-element-7a6bd1ee e-con-full e-flex elementor-invisible e-con e-child\" data-id=\"7a6bd1ee\" data-element_type=\"container\" data-settings=\"{&quot;animation&quot;:&quot;fadeInUp&quot;}\">\n\t\t\t\t<div class=\"elementor-element elementor-element-711c75d4 elementor-widget elementor-widget-heading\" data-id=\"711c75d4\" data-element_type=\"widget\" data-widget_type=\"heading.default\">\n\t\t\t\t<div class=\"elementor-widget-container\">\n\t\t\t\t\t<h6 class=\"elementor-heading-title elementor-size-default\"><a href=\"https:\/\/delta-scan.de\/en\/firmenbilder\/\">01. Firmenbilder<\/a><\/h6>\t\t\t\t<\/div>\n\t\t\t\t<\/div>\n\t\t\t\t<div class=\"elementor-element elementor-element-f5d4422 elementor-widget elementor-widget-image\" data-id=\"f5d4422\" data-element_type=\"widget\" data-widget_type=\"image.default\">\n\t\t\t\t<div class=\"elementor-widget-container\">\n\t\t\t\t\t\t\t\t\t\t\t\t\t\t\t\t<a href=\"https:\/\/delta-scan.de\/en\/firmenbilder\/\">\n\t\t\t\t\t\t\t<img fetchpriority=\"high\" decoding=\"async\" width=\"640\" height=\"640\" src=\"https:\/\/delta-scan.de\/wp-content\/uploads\/2025\/02\/firmenbilder_.jpg\" class=\"attachment-large size-large wp-image-2626\" alt=\"\" srcset=\"https:\/\/delta-scan.de\/wp-content\/uploads\/2025\/02\/firmenbilder_.jpg 640w, https:\/\/delta-scan.de\/wp-content\/uploads\/2025\/02\/firmenbilder_-300x300.jpg 300w, https:\/\/delta-scan.de\/wp-content\/uploads\/2025\/02\/firmenbilder_-150x150.jpg 150w, https:\/\/delta-scan.de\/wp-content\/uploads\/2025\/02\/firmenbilder_-12x12.jpg 12w\" sizes=\"(max-width: 640px) 100vw, 640px\" \/>\t\t\t\t\t\t\t\t<\/a>\n\t\t\t\t\t\t\t\t\t\t\t\t\t\t\t<\/div>\n\t\t\t\t<\/div>\n\t\t\t\t<\/div>\n\t\t<div class=\"elementor-element elementor-element-5ee61782 e-con-full e-flex elementor-invisible e-con e-child\" data-id=\"5ee61782\" data-element_type=\"container\" data-settings=\"{&quot;animation&quot;:&quot;fadeInUp&quot;,&quot;animation_delay&quot;:200}\">\n\t\t\t\t<div class=\"elementor-element elementor-element-3e383e01 elementor-widget elementor-widget-heading\" data-id=\"3e383e01\" data-element_type=\"widget\" data-widget_type=\"heading.default\">\n\t\t\t\t<div class=\"elementor-widget-container\">\n\t\t\t\t\t<h6 class=\"elementor-heading-title elementor-size-default\"><a href=\"https:\/\/delta-scan.de\/en\/delta-scan\/\">02. DELTA-Scan<\/a><\/h6>\t\t\t\t<\/div>\n\t\t\t\t<\/div>\n\t\t\t\t<div class=\"elementor-element elementor-element-5a162b5e elementor-widget elementor-widget-image\" data-id=\"5a162b5e\" data-element_type=\"widget\" data-widget_type=\"image.default\">\n\t\t\t\t<div class=\"elementor-widget-container\">\n\t\t\t\t\t\t\t\t\t\t\t\t\t\t\t\t<a href=\"https:\/\/delta-scan.de\/en\/delta-scan\/\">\n\t\t\t\t\t\t\t<img decoding=\"async\" width=\"603\" height=\"603\" src=\"https:\/\/delta-scan.de\/wp-content\/uploads\/2025\/02\/DELTA-TECH-GMBH_Delta_Scan_07.jpg\" class=\"attachment-large size-large wp-image-2443\" alt=\"\" srcset=\"https:\/\/delta-scan.de\/wp-content\/uploads\/2025\/02\/DELTA-TECH-GMBH_Delta_Scan_07.jpg 603w, https:\/\/delta-scan.de\/wp-content\/uploads\/2025\/02\/DELTA-TECH-GMBH_Delta_Scan_07-300x300.jpg 300w, https:\/\/delta-scan.de\/wp-content\/uploads\/2025\/02\/DELTA-TECH-GMBH_Delta_Scan_07-150x150.jpg 150w, https:\/\/delta-scan.de\/wp-content\/uploads\/2025\/02\/DELTA-TECH-GMBH_Delta_Scan_07-12x12.jpg 12w\" sizes=\"(max-width: 603px) 100vw, 603px\" \/>\t\t\t\t\t\t\t\t<\/a>\n\t\t\t\t\t\t\t\t\t\t\t\t\t\t\t<\/div>\n\t\t\t\t<\/div>\n\t\t\t\t<\/div>\n\t\t<div class=\"elementor-element elementor-element-1db61151 e-con-full e-flex elementor-invisible e-con e-child\" data-id=\"1db61151\" data-element_type=\"container\" data-settings=\"{&quot;animation&quot;:&quot;fadeInUp&quot;,&quot;animation_delay&quot;:400}\">\n\t\t\t\t<div class=\"elementor-element elementor-element-7bf009c8 elementor-widget elementor-widget-heading\" data-id=\"7bf009c8\" data-element_type=\"widget\" data-widget_type=\"heading.default\">\n\t\t\t\t<div class=\"elementor-widget-container\">\n\t\t\t\t\t<h6 class=\"elementor-heading-title elementor-size-default\"><a href=\"https:\/\/delta-scan.de\/en\/software\/\">03. Software<\/a><\/h6>\t\t\t\t<\/div>\n\t\t\t\t<\/div>\n\t\t\t\t<div class=\"elementor-element elementor-element-7ca5c30d elementor-widget elementor-widget-image\" data-id=\"7ca5c30d\" data-element_type=\"widget\" data-widget_type=\"image.default\">\n\t\t\t\t<div class=\"elementor-widget-container\">\n\t\t\t\t\t\t\t\t\t\t\t\t\t\t\t\t<a href=\"https:\/\/delta-scan.de\/en\/software\/\">\n\t\t\t\t\t\t\t<img decoding=\"async\" width=\"556\" height=\"556\" src=\"https:\/\/delta-scan.de\/wp-content\/uploads\/2025\/02\/sotfware_.jpg\" class=\"attachment-large size-large wp-image-2627\" alt=\"\" srcset=\"https:\/\/delta-scan.de\/wp-content\/uploads\/2025\/02\/sotfware_.jpg 556w, https:\/\/delta-scan.de\/wp-content\/uploads\/2025\/02\/sotfware_-300x300.jpg 300w, https:\/\/delta-scan.de\/wp-content\/uploads\/2025\/02\/sotfware_-150x150.jpg 150w, https:\/\/delta-scan.de\/wp-content\/uploads\/2025\/02\/sotfware_-12x12.jpg 12w\" sizes=\"(max-width: 556px) 100vw, 556px\" \/>\t\t\t\t\t\t\t\t<\/a>\n\t\t\t\t\t\t\t\t\t\t\t\t\t\t\t<\/div>\n\t\t\t\t<\/div>\n\t\t\t\t<\/div>\n\t\t<div class=\"elementor-element elementor-element-574fe35c e-con-full e-flex elementor-invisible e-con e-child\" data-id=\"574fe35c\" data-element_type=\"container\" data-settings=\"{&quot;animation&quot;:&quot;fadeInUp&quot;,&quot;animation_delay&quot;:600}\">\n\t\t\t\t<div class=\"elementor-element elementor-element-39926362 elementor-widget elementor-widget-heading\" data-id=\"39926362\" data-element_type=\"widget\" data-widget_type=\"heading.default\">\n\t\t\t\t<div class=\"elementor-widget-container\">\n\t\t\t\t\t<h6 class=\"elementor-heading-title elementor-size-default\"><a href=\"https:\/\/delta-scan.de\/en\/seminare\/\">04. Seminare<\/a><\/h6>\t\t\t\t<\/div>\n\t\t\t\t<\/div>\n\t\t\t\t<div class=\"elementor-element elementor-element-54efa2eb elementor-widget elementor-widget-image\" data-id=\"54efa2eb\" data-element_type=\"widget\" data-widget_type=\"image.default\">\n\t\t\t\t<div class=\"elementor-widget-container\">\n\t\t\t\t\t\t\t\t\t\t\t\t\t\t\t\t<a href=\"https:\/\/delta-scan.de\/en\/seminare\/\">\n\t\t\t\t\t\t\t<img loading=\"lazy\" decoding=\"async\" width=\"800\" height=\"800\" src=\"https:\/\/delta-scan.de\/wp-content\/uploads\/2025\/02\/001.jpg\" class=\"attachment-large size-large wp-image-2644\" alt=\"\" srcset=\"https:\/\/delta-scan.de\/wp-content\/uploads\/2025\/02\/001.jpg 1024w, https:\/\/delta-scan.de\/wp-content\/uploads\/2025\/02\/001-300x300.jpg 300w, https:\/\/delta-scan.de\/wp-content\/uploads\/2025\/02\/001-150x150.jpg 150w, https:\/\/delta-scan.de\/wp-content\/uploads\/2025\/02\/001-768x768.jpg 768w, https:\/\/delta-scan.de\/wp-content\/uploads\/2025\/02\/001-12x12.jpg 12w\" sizes=\"(max-width: 800px) 100vw, 800px\" \/>\t\t\t\t\t\t\t\t<\/a>\n\t\t\t\t\t\t\t\t\t\t\t\t\t\t\t<\/div>\n\t\t\t\t<\/div>\n\t\t\t\t<\/div>\n\t\t<div class=\"elementor-element elementor-element-4e3312b9 e-con-full e-flex elementor-invisible e-con e-child\" data-id=\"4e3312b9\" data-element_type=\"container\" data-settings=\"{&quot;animation&quot;:&quot;fadeInUp&quot;}\">\n\t\t\t\t<div class=\"elementor-element elementor-element-3c282f87 elementor-widget elementor-widget-heading\" data-id=\"3c282f87\" data-element_type=\"widget\" data-widget_type=\"heading.default\">\n\t\t\t\t<div class=\"elementor-widget-container\">\n\t\t\t\t\t<h6 class=\"elementor-heading-title elementor-size-default\"><a href=\"https:\/\/delta-scan.de\/en\/seminar-kurveninterpretation\/\">05. Seminar Kurveninterpretation<\/a><\/h6>\t\t\t\t<\/div>\n\t\t\t\t<\/div>\n\t\t\t\t<div class=\"elementor-element elementor-element-4f3e3007 elementor-widget elementor-widget-image\" data-id=\"4f3e3007\" data-element_type=\"widget\" data-widget_type=\"image.default\">\n\t\t\t\t<div class=\"elementor-widget-container\">\n\t\t\t\t\t\t\t\t\t\t\t\t\t\t\t\t<a href=\"https:\/\/delta-scan.de\/en\/seminar-kurveninterpretation\/\">\n\t\t\t\t\t\t\t<img loading=\"lazy\" decoding=\"async\" width=\"800\" height=\"534\" src=\"https:\/\/delta-scan.de\/wp-content\/uploads\/2025\/02\/Seminar-Kurveninterpretation-Seminar-2017_83.jpg\" class=\"attachment-large size-large wp-image-2536\" alt=\"\" srcset=\"https:\/\/delta-scan.de\/wp-content\/uploads\/2025\/02\/Seminar-Kurveninterpretation-Seminar-2017_83.jpg 1024w, https:\/\/delta-scan.de\/wp-content\/uploads\/2025\/02\/Seminar-Kurveninterpretation-Seminar-2017_83-300x200.jpg 300w, https:\/\/delta-scan.de\/wp-content\/uploads\/2025\/02\/Seminar-Kurveninterpretation-Seminar-2017_83-768x512.jpg 768w, https:\/\/delta-scan.de\/wp-content\/uploads\/2025\/02\/Seminar-Kurveninterpretation-Seminar-2017_83-18x12.jpg 18w\" sizes=\"(max-width: 800px) 100vw, 800px\" \/>\t\t\t\t\t\t\t\t<\/a>\n\t\t\t\t\t\t\t\t\t\t\t\t\t\t\t<\/div>\n\t\t\t\t<\/div>\n\t\t\t\t<\/div>\n\t\t<div class=\"elementor-element elementor-element-192a0d74 e-con-full e-flex elementor-invisible e-con e-child\" data-id=\"192a0d74\" data-element_type=\"container\" data-settings=\"{&quot;animation&quot;:&quot;fadeInUp&quot;,&quot;animation_delay&quot;:200}\">\n\t\t\t\t<div class=\"elementor-element elementor-element-1be86cca elementor-widget elementor-widget-heading\" data-id=\"1be86cca\" data-element_type=\"widget\" data-widget_type=\"heading.default\">\n\t\t\t\t<div class=\"elementor-widget-container\">\n\t\t\t\t\t<h6 class=\"elementor-heading-title elementor-size-default\"><a href=\"https:\/\/delta-scan.de\/en\/videos-2\/\">06. Videos<\/a><\/h6>\t\t\t\t<\/div>\n\t\t\t\t<\/div>\n\t\t\t\t<div class=\"elementor-element elementor-element-4d4c94a0 elementor-widget elementor-widget-image\" data-id=\"4d4c94a0\" data-element_type=\"widget\" data-widget_type=\"image.default\">\n\t\t\t\t<div class=\"elementor-widget-container\">\n\t\t\t\t\t\t\t\t\t\t\t\t\t\t\t\t<a href=\"https:\/\/delta-scan.de\/en\/videos-2\/\">\n\t\t\t\t\t\t\t<img loading=\"lazy\" decoding=\"async\" width=\"800\" height=\"800\" src=\"https:\/\/delta-scan.de\/wp-content\/uploads\/2025\/02\/003.jpg\" class=\"attachment-large size-large wp-image-2646\" alt=\"\" srcset=\"https:\/\/delta-scan.de\/wp-content\/uploads\/2025\/02\/003.jpg 1024w, https:\/\/delta-scan.de\/wp-content\/uploads\/2025\/02\/003-300x300.jpg 300w, https:\/\/delta-scan.de\/wp-content\/uploads\/2025\/02\/003-150x150.jpg 150w, https:\/\/delta-scan.de\/wp-content\/uploads\/2025\/02\/003-768x768.jpg 768w, https:\/\/delta-scan.de\/wp-content\/uploads\/2025\/02\/003-12x12.jpg 12w\" sizes=\"(max-width: 800px) 100vw, 800px\" \/>\t\t\t\t\t\t\t\t<\/a>\n\t\t\t\t\t\t\t\t\t\t\t\t\t\t\t<\/div>\n\t\t\t\t<\/div>\n\t\t\t\t<\/div>\n\t\t\t\t\t<\/div>\n\t\t\t\t<\/div>\n\t\t\t\t\t<\/div>\n\t\t\t\t<\/div>\n\t\t\t\t<\/div>","protected":false},"excerpt":{"rendered":"<p>Videos In unseren Videos zeigen wir Ihnen Schritt f\u00fcr Schritt, wie Sie das DELTA-Scan System optimal nutzen k\u00f6nnen. Von der Inbetriebnahme \u00fcber die Durchf\u00fchrung von Analysen bis hin zur Anwendung der verschiedenen Funktionen erhalten Sie praktische Tipps und detaillierte Anleitungen. Unsere Videoanleitungen helfen Ihnen dabei, das volle Potenzial des Systems auszusch\u00f6pfen und es sicher sowie [&hellip;]<\/p>","protected":false},"author":3,"featured_media":0,"parent":0,"menu_order":0,"comment_status":"closed","ping_status":"closed","template":"elementor_header_footer","meta":{"footnotes":""},"class_list":["post-2146","page","type-page","status-publish","hentry"],"_links":{"self":[{"href":"https:\/\/delta-scan.de\/en\/wp-json\/wp\/v2\/pages\/2146","targetHints":{"allow":["GET"]}}],"collection":[{"href":"https:\/\/delta-scan.de\/en\/wp-json\/wp\/v2\/pages"}],"about":[{"href":"https:\/\/delta-scan.de\/en\/wp-json\/wp\/v2\/types\/page"}],"author":[{"embeddable":true,"href":"https:\/\/delta-scan.de\/en\/wp-json\/wp\/v2\/users\/3"}],"replies":[{"embeddable":true,"href":"https:\/\/delta-scan.de\/en\/wp-json\/wp\/v2\/comments?post=2146"}],"version-history":[{"count":7,"href":"https:\/\/delta-scan.de\/en\/wp-json\/wp\/v2\/pages\/2146\/revisions"}],"predecessor-version":[{"id":2685,"href":"https:\/\/delta-scan.de\/en\/wp-json\/wp\/v2\/pages\/2146\/revisions\/2685"}],"wp:attachment":[{"href":"https:\/\/delta-scan.de\/en\/wp-json\/wp\/v2\/media?parent=2146"}],"curies":[{"name":"wp","href":"https:\/\/api.w.org\/{rel}","templated":true}]}}